{"id":23732,"date":"2020-12-15T12:25:13","date_gmt":"2020-12-15T11:25:13","guid":{"rendered":"https:\/\/www.interbusinesschamber.com\/produit\/vichy-creme-depilatoire-haute-tolerance-150ml-epilation-integrale-en-douceur\/"},"modified":"2020-12-30T11:37:54","modified_gmt":"2020-12-30T10:37:54","slug":"vichy-creme-depilatoire-haute-tolerance-150ml-epilation-integrale-en-douceur","status":"publish","type":"product","link":"https:\/\/www.sopha-sahara.com\/en\/product\/vichy-creme-depilatoire-haute-tolerance-150ml-epilation-integrale-en-douceur\/","title":{"rendered":"VICHY CREME DEPILATOIRE HAUTE TOLERANCE 150ML EPILATION INT\u00c9GRALE EN DOUCEUR"},"content":{"rendered":"","protected":false},"excerpt":{"rendered":"<p>La Cr\u00e8me D\u00e9pilatoire Haute tol\u00e9rance des peaux sensibles. Sp\u00e9cialement formul\u00e9e pour respecter la peau sensible, la CR\u00c8ME D\u00c9PILATOIRE DERMO-TOLERANCE est enrichie en l\u2019Eau Thermale apaisante et anti-irritante et \u00e0 l\u2019Huile d\u2019Amande adoucissante.<br \/>Facile \u00e0 \u00e9taler gr\u00e2ce \u00e0 sa texture onctueuse, elle \u00e9limine en douceur tous les poils. Elle peut \u00eatre utilis\u00e9e pour les jambes, les aisselles et le maillot. Hydrat\u00e9e et apais\u00e9e, votre peau est nette et douce comme jamais.<\/p>\n<p>Appliquer sur une peau saine, non irrit\u00e9e. Ne pas utiliser apr\u00e8s une exposition au soleil. Si vous utilisez cette CR\u00c8ME D\u00c9PILATOIRE DERMO-TOLERANCE pour la premi\u00e8re fois, il est conseill\u00e9 de faire une touche d\u2019essai 24 heures avant application<\/p>","protected":false},"featured_media":23794,"template":"","meta":{"arc_restricted_post":false},"product_cat":[48,334],"product_tag":[],"_links":{"self":[{"href":"https:\/\/www.sopha-sahara.com\/en\/wp-json\/wp\/v2\/product\/23732"}],"collection":[{"href":"https:\/\/www.sopha-sahara.com\/en\/wp-json\/wp\/v2\/product"}],"about":[{"href":"https:\/\/www.sopha-sahara.com\/en\/wp-json\/wp\/v2\/types\/product"}],"wp:featuredmedia":[{"embeddable":true,"href":"https:\/\/www.sopha-sahara.com\/en\/wp-json\/wp\/v2\/media\/23794"}],"wp:attachment":[{"href":"https:\/\/www.sopha-sahara.com\/en\/wp-json\/wp\/v2\/media?parent=23732"}],"wp:term":[{"taxonomy":"product_cat","embeddable":true,"href":"https:\/\/www.sopha-sahara.com\/en\/wp-json\/wp\/v2\/product_cat?post=23732"},{"taxonomy":"product_tag","embeddable":true,"href":"https:\/\/www.sopha-sahara.com\/en\/wp-json\/wp\/v2\/product_tag?post=23732"}],"curies":[{"name":"wp","href":"https:\/\/api.w.org\/{rel}","templated":true}]}}