{"id":23731,"date":"2020-12-15T12:25:13","date_gmt":"2020-12-15T11:25:13","guid":{"rendered":"https:\/\/www.interbusinesschamber.com\/produit\/vichy-deodorant-anti-transpirant-48h-roll-on-50ml-peau-sensible-ou-epilee\/"},"modified":"2020-12-30T11:40:18","modified_gmt":"2020-12-30T10:40:18","slug":"vichy-deodorant-anti-transpirant-48h-roll-on-50ml-peau-sensible-ou-epilee","status":"publish","type":"product","link":"https:\/\/www.sopha-sahara.com\/en\/product\/vichy-deodorant-anti-transpirant-48h-roll-on-50ml-peau-sensible-ou-epilee\/","title":{"rendered":"VICHY DEODORANT ANTI-TRANSPIRANT 48H ROLL-ON 50ML PEAU SENSIBLE OU \u00c9PIL\u00c9E"},"content":{"rendered":"","protected":false},"excerpt":{"rendered":"<p>Une formule douce sp\u00e9cialement adapt\u00e9e aux peaux sensibles et \u00e9pil\u00e9es.<br \/>Ses actifs anti-transpirants associ\u00e9s \u00e0 la Proline Cutei apaisante conf\u00e8rent \u00e0 votre peau une efficacit\u00e9 anti-transpirante 48h et une incroyable tol\u00e9rance.<\/p>\n<p>Appliquez quotidiennement sur des aisselles propres et s\u00e8ches.<\/p>","protected":false},"featured_media":23797,"template":"","meta":{"arc_restricted_post":false},"product_cat":[48,334],"product_tag":[],"_links":{"self":[{"href":"https:\/\/www.sopha-sahara.com\/en\/wp-json\/wp\/v2\/product\/23731"}],"collection":[{"href":"https:\/\/www.sopha-sahara.com\/en\/wp-json\/wp\/v2\/product"}],"about":[{"href":"https:\/\/www.sopha-sahara.com\/en\/wp-json\/wp\/v2\/types\/product"}],"wp:featuredmedia":[{"embeddable":true,"href":"https:\/\/www.sopha-sahara.com\/en\/wp-json\/wp\/v2\/media\/23797"}],"wp:attachment":[{"href":"https:\/\/www.sopha-sahara.com\/en\/wp-json\/wp\/v2\/media?parent=23731"}],"wp:term":[{"taxonomy":"product_cat","embeddable":true,"href":"https:\/\/www.sopha-sahara.com\/en\/wp-json\/wp\/v2\/product_cat?post=23731"},{"taxonomy":"product_tag","embeddable":true,"href":"https:\/\/www.sopha-sahara.com\/en\/wp-json\/wp\/v2\/product_tag?post=23731"}],"curies":[{"name":"wp","href":"https:\/\/api.w.org\/{rel}","templated":true}]}}