{"id":23730,"date":"2020-12-15T12:25:13","date_gmt":"2020-12-15T11:25:13","guid":{"rendered":"https:\/\/www.interbusinesschamber.com\/produit\/vichy-normaderm-phytosolution-gel-purifiant-200ml\/"},"modified":"2020-12-30T14:09:47","modified_gmt":"2020-12-30T13:09:47","slug":"vichy-normaderm-phytosolution-gel-purifiant-200ml","status":"publish","type":"product","link":"https:\/\/www.sopha-sahara.com\/en\/product\/vichy-normaderm-phytosolution-gel-purifiant-200ml\/","title":{"rendered":"VICHY NORMADERM PHYTOSOLUTION GEL PURIFIANT 200ML"},"content":{"rendered":"<h4><strong>Efficacit\u00e9<\/strong><\/h4>\n<p>Le Gel nettoyant purifiant est riche en Acide Salycilique Totarol pour une action assainissante et en Ep\u00e9ruline pour une action anti-irritante.<\/p>\n<p>Purifi\u00e9e, votre peau est liss\u00e9e, visiblement plus saine.<\/p>\n<h4><strong>Tol\u00e9rance<\/strong><\/h4>\n<p>\u00c0 la fois ultra-efficace et ultra-doux, le Gel nettoyant purifiant respecte votre peau, m\u00eame sensible.<\/p>\n<h4><strong>Plaisir<\/strong><\/h4>\n<p>Sa texture gel vous apporte un nettoyage purifiant plaisir facile \u00e0 appliquer, facile \u00e0 rincer.<\/p>\n<h4><strong>Conseils d'utilisation :<\/strong><\/h4>\n<p>Faites mousser sur le visage humide, puis rincez \u00e0 l'eau claire.<\/p>","protected":false},"excerpt":{"rendered":"<p>\u00a0Pour les femmes ayant une peau \u00e0 imperfections : pouss\u00e9es locales, pores obstru\u00e9s, brillance.<\/p>\n<p>Gel nettoyant qui purifie la peau en profondeur.<\/p>","protected":false},"featured_media":23878,"template":"","meta":{"arc_restricted_post":false},"product_cat":[48,334],"product_tag":[],"_links":{"self":[{"href":"https:\/\/www.sopha-sahara.com\/en\/wp-json\/wp\/v2\/product\/23730"}],"collection":[{"href":"https:\/\/www.sopha-sahara.com\/en\/wp-json\/wp\/v2\/product"}],"about":[{"href":"https:\/\/www.sopha-sahara.com\/en\/wp-json\/wp\/v2\/types\/product"}],"wp:featuredmedia":[{"embeddable":true,"href":"https:\/\/www.sopha-sahara.com\/en\/wp-json\/wp\/v2\/media\/23878"}],"wp:attachment":[{"href":"https:\/\/www.sopha-sahara.com\/en\/wp-json\/wp\/v2\/media?parent=23730"}],"wp:term":[{"taxonomy":"product_cat","embeddable":true,"href":"https:\/\/www.sopha-sahara.com\/en\/wp-json\/wp\/v2\/product_cat?post=23730"},{"taxonomy":"product_tag","embeddable":true,"href":"https:\/\/www.sopha-sahara.com\/en\/wp-json\/wp\/v2\/product_tag?post=23730"}],"curies":[{"name":"wp","href":"https:\/\/api.w.org\/{rel}","templated":true}]}}