{"id":23728,"date":"2020-12-15T12:25:13","date_gmt":"2020-12-15T11:25:13","guid":{"rendered":"https:\/\/www.interbusinesschamber.com\/produit\/vichy-eau-thermale-150ml\/"},"modified":"2020-12-30T12:32:19","modified_gmt":"2020-12-30T11:32:19","slug":"vichy-eau-thermale-150ml","status":"publish","type":"product","link":"https:\/\/www.sopha-sahara.com\/en\/product\/vichy-eau-thermale-150ml\/","title":{"rendered":"VICHY EAU THERMALE 150ML"},"content":{"rendered":"","protected":false},"excerpt":{"rendered":"<p>L\u2019Eau Thermale Min\u00e9ralisante se charge de 15 min\u00e9raux. Elle renforce la peau contre les agressions ext\u00e9rieures, pour une peau visiblement \u00e9clatante de vie.<\/p>\n<p>Vaporiser sur la peau une fine brume. Apr\u00e8s pulv\u00e9risation, laissez agir quelques instants puis s\u00e9chez d\u00e9licatement. S\u2019utilise en soin quotidien \u00e0 tout moment de la journ\u00e9e et le soir.<\/p>","protected":false},"featured_media":23847,"template":"","meta":{"arc_restricted_post":false},"product_cat":[48,334],"product_tag":[],"_links":{"self":[{"href":"https:\/\/www.sopha-sahara.com\/en\/wp-json\/wp\/v2\/product\/23728"}],"collection":[{"href":"https:\/\/www.sopha-sahara.com\/en\/wp-json\/wp\/v2\/product"}],"about":[{"href":"https:\/\/www.sopha-sahara.com\/en\/wp-json\/wp\/v2\/types\/product"}],"wp:featuredmedia":[{"embeddable":true,"href":"https:\/\/www.sopha-sahara.com\/en\/wp-json\/wp\/v2\/media\/23847"}],"wp:attachment":[{"href":"https:\/\/www.sopha-sahara.com\/en\/wp-json\/wp\/v2\/media?parent=23728"}],"wp:term":[{"taxonomy":"product_cat","embeddable":true,"href":"https:\/\/www.sopha-sahara.com\/en\/wp-json\/wp\/v2\/product_cat?post=23728"},{"taxonomy":"product_tag","embeddable":true,"href":"https:\/\/www.sopha-sahara.com\/en\/wp-json\/wp\/v2\/product_tag?post=23728"}],"curies":[{"name":"wp","href":"https:\/\/api.w.org\/{rel}","templated":true}]}}