{"id":23727,"date":"2020-12-15T12:25:12","date_gmt":"2020-12-15T11:25:12","guid":{"rendered":"https:\/\/www.interbusinesschamber.com\/produit\/vichy-purete-thermale-demaquillant-apaisant-yeux-sensibles-150ml\/"},"modified":"2020-12-30T14:11:03","modified_gmt":"2020-12-30T13:11:03","slug":"vichy-purete-thermale-demaquillant-apaisant-yeux-sensibles-150ml","status":"publish","type":"product","link":"https:\/\/www.sopha-sahara.com\/en\/product\/vichy-purete-thermale-demaquillant-apaisant-yeux-sensibles-150ml\/","title":{"rendered":"VICHY PURETE THERMALE DEMAQUILLANT APAISANT YEUX SENSIBLES 150ML"},"content":{"rendered":"","protected":false},"excerpt":{"rendered":"<p>Un d\u00e9maquillant-soin pour les yeux sensibles qui d\u00e9maquille parfaitement, et apaise le contour de l&rsquo;\u0153il.<br \/>Enrichi en agents nettoyants ultra-doux et en actifs hydratants et apaisants, ce d\u00e9maquillant respecte les yeux les plus sensibles<\/p>\n<p>Appliquez \u00e0 l&rsquo;aide d&rsquo;un coton sur la paupi\u00e8re et les cils. Tapotez l\u00e9g\u00e8rement pour impr\u00e9gner votre peau. Retirez avec douceur vers l&rsquo;ext\u00e9rieur des cils, sans rincer.<\/p>","protected":false},"featured_media":23880,"template":"","meta":{"arc_restricted_post":false},"product_cat":[48,334],"product_tag":[],"_links":{"self":[{"href":"https:\/\/www.sopha-sahara.com\/en\/wp-json\/wp\/v2\/product\/23727"}],"collection":[{"href":"https:\/\/www.sopha-sahara.com\/en\/wp-json\/wp\/v2\/product"}],"about":[{"href":"https:\/\/www.sopha-sahara.com\/en\/wp-json\/wp\/v2\/types\/product"}],"wp:featuredmedia":[{"embeddable":true,"href":"https:\/\/www.sopha-sahara.com\/en\/wp-json\/wp\/v2\/media\/23880"}],"wp:attachment":[{"href":"https:\/\/www.sopha-sahara.com\/en\/wp-json\/wp\/v2\/media?parent=23727"}],"wp:term":[{"taxonomy":"product_cat","embeddable":true,"href":"https:\/\/www.sopha-sahara.com\/en\/wp-json\/wp\/v2\/product_cat?post=23727"},{"taxonomy":"product_tag","embeddable":true,"href":"https:\/\/www.sopha-sahara.com\/en\/wp-json\/wp\/v2\/product_tag?post=23727"}],"curies":[{"name":"wp","href":"https:\/\/api.w.org\/{rel}","templated":true}]}}