{"id":23725,"date":"2020-12-15T12:25:12","date_gmt":"2020-12-15T11:25:12","guid":{"rendered":"https:\/\/www.interbusinesschamber.com\/produit\/vichy-purete-thermale-demaquillant-integral-3-en-1-300-ml\/"},"modified":"2020-12-30T14:11:40","modified_gmt":"2020-12-30T13:11:40","slug":"vichy-purete-thermale-demaquillant-integral-3-en-1-300-ml","status":"publish","type":"product","link":"https:\/\/www.sopha-sahara.com\/en\/product\/vichy-purete-thermale-demaquillant-integral-3-en-1-300-ml\/","title":{"rendered":"VICHY PURETE THERMALE DEMAQUILLANT INTEGRAL 3 EN 1 300 ML"},"content":{"rendered":"","protected":false},"excerpt":{"rendered":"<p>Le D\u00e9maquillant Int\u00e9gral Puret\u00e9 Thermale rassemble un lait + une lotion + un d\u00e9maquillant yeux en un seul produit.\u00a0<br \/>L&rsquo;association d&rsquo;agents-nettoyants ultra-efficaces et ultra-doux dans un lait-gel tr\u00e8s frais vous offre un nettoyage et un d\u00e9maquillage ultra-rapide, ultra-facile qui \u00e9limine efficacement le maquillage tout en respectant votre peau sensible.\u00a0<br \/>Parfaitement d\u00e9maquill\u00e9e et nettoy\u00e9e, la peau est fra\u00eeche, douce et apais\u00e9e.<\/p>\n<p>Appliquez \u00e0 l&rsquo;aide d&rsquo;un coton sur le visage et les yeux, sans rincer.<\/p>","protected":false},"featured_media":23882,"template":"","meta":{"arc_restricted_post":false},"product_cat":[48,334],"product_tag":[],"_links":{"self":[{"href":"https:\/\/www.sopha-sahara.com\/en\/wp-json\/wp\/v2\/product\/23725"}],"collection":[{"href":"https:\/\/www.sopha-sahara.com\/en\/wp-json\/wp\/v2\/product"}],"about":[{"href":"https:\/\/www.sopha-sahara.com\/en\/wp-json\/wp\/v2\/types\/product"}],"wp:featuredmedia":[{"embeddable":true,"href":"https:\/\/www.sopha-sahara.com\/en\/wp-json\/wp\/v2\/media\/23882"}],"wp:attachment":[{"href":"https:\/\/www.sopha-sahara.com\/en\/wp-json\/wp\/v2\/media?parent=23725"}],"wp:term":[{"taxonomy":"product_cat","embeddable":true,"href":"https:\/\/www.sopha-sahara.com\/en\/wp-json\/wp\/v2\/product_cat?post=23725"},{"taxonomy":"product_tag","embeddable":true,"href":"https:\/\/www.sopha-sahara.com\/en\/wp-json\/wp\/v2\/product_tag?post=23725"}],"curies":[{"name":"wp","href":"https:\/\/api.w.org\/{rel}","templated":true}]}}