{"id":23723,"date":"2020-12-15T12:25:11","date_gmt":"2020-12-15T11:25:11","guid":{"rendered":"https:\/\/www.interbusinesschamber.com\/produit\/vichy-purete-thermale-lait-micellaire-mineral-peau-seche-200ml\/"},"modified":"2020-12-31T09:57:12","modified_gmt":"2020-12-31T08:57:12","slug":"vichy-purete-thermale-lait-micellaire-mineral-peau-seche-200ml","status":"publish","type":"product","link":"https:\/\/www.sopha-sahara.com\/en\/product\/vichy-purete-thermale-lait-micellaire-mineral-peau-seche-200ml\/","title":{"rendered":"VICHY PURETE THERMALE LAIT MICELLAIRE MINERAL PEAU SECHE 200ML"},"content":{"rendered":"<h4>Conseils d\u2019utilisation :<\/h4>\n<p>A l\u2019aide d\u2019un coton, appliquez le lait micellaire sur le visage et les yeux. Frottez d\u00e9licatement pour enlever le maquillage et les impuret\u00e9s. Renouvelez l\u2019op\u00e9ration jusqu\u2019\u00e0 ce que le coton soit propre.<\/p>","protected":false},"excerpt":{"rendered":"<p>La technologie micellaire dans un lait d\u00e9maquillant r\u00e9confortant<\/p>\n<p>L\u2019\u00e9tape du nettoyage est souvent d\u00e9licate pour les peaux s\u00e8ches \u00e0 tr\u00e8s s\u00e8ches. Vichy a cr\u00e9\u00e9 le lait micellaire min\u00e9ral Puret\u00e9 Thermale pour\u00a0<strong>d\u00e9maquiller<\/strong>\u00a0et\u00a0<strong>nettoyer<\/strong>\u00a0les peaux s\u00e8ches tout en les hydratant pour les laisser parfaitement confortables. Gr\u00e2ce \u00e0 sa formule qui r\u00e9volutionne la technologie micellaire, ce\u00a0<strong>nettoyant visage<\/strong>\u00a0permet de :<\/p>\n<ul>\n<li><strong>Nettoyer<\/strong>\u00a0et\u00a0<strong>d\u00e9maquiller la peau<\/strong>\u00a0du visage sans l\u2019agresser<\/li>\n<li><strong>Hydrate<\/strong>\u00a0la peau et la fortifie gr\u00e2ce \u00e0 sa composition riche en min\u00e9raux<\/li>\n<li><strong>Apaise<\/strong>\u00a0la peau et restaure son confort<\/li>\n<\/ul>\n<p>Purifi\u00e9e, la peau du visage redevient confortable. Elle est nette de toute impuret\u00e9, sans rougeurs et sans sensations de tiraillement.\u00a0<\/p>","protected":false},"featured_media":23886,"template":"","meta":{"arc_restricted_post":false},"product_cat":[48,334],"product_tag":[],"_links":{"self":[{"href":"https:\/\/www.sopha-sahara.com\/en\/wp-json\/wp\/v2\/product\/23723"}],"collection":[{"href":"https:\/\/www.sopha-sahara.com\/en\/wp-json\/wp\/v2\/product"}],"about":[{"href":"https:\/\/www.sopha-sahara.com\/en\/wp-json\/wp\/v2\/types\/product"}],"wp:featuredmedia":[{"embeddable":true,"href":"https:\/\/www.sopha-sahara.com\/en\/wp-json\/wp\/v2\/media\/23886"}],"wp:attachment":[{"href":"https:\/\/www.sopha-sahara.com\/en\/wp-json\/wp\/v2\/media?parent=23723"}],"wp:term":[{"taxonomy":"product_cat","embeddable":true,"href":"https:\/\/www.sopha-sahara.com\/en\/wp-json\/wp\/v2\/product_cat?post=23723"},{"taxonomy":"product_tag","embeddable":true,"href":"https:\/\/www.sopha-sahara.com\/en\/wp-json\/wp\/v2\/product_tag?post=23723"}],"curies":[{"name":"wp","href":"https:\/\/api.w.org\/{rel}","templated":true}]}}