{"id":23722,"date":"2020-12-15T12:25:11","date_gmt":"2020-12-15T11:25:11","guid":{"rendered":"https:\/\/www.interbusinesschamber.com\/produit\/vichy-purete-thermale-eau-micellaire-minerale-peau-mixte-a-grasse-200ml\/"},"modified":"2020-12-31T09:56:32","modified_gmt":"2020-12-31T08:56:32","slug":"vichy-purete-thermale-eau-micellaire-minerale-peau-mixte-a-grasse-200ml","status":"publish","type":"product","link":"https:\/\/www.sopha-sahara.com\/en\/product\/vichy-purete-thermale-eau-micellaire-minerale-peau-mixte-a-grasse-200ml\/","title":{"rendered":"VICHY PURETE THERMALE EAU MICELLAIRE MINERALE PEAU MIXTE A GRASSE 200ML"},"content":{"rendered":"","protected":false},"excerpt":{"rendered":"<p><strong>D\u00e9maquiller et purifier les peaux mixtes \u00e0 grasses<\/strong><\/p>\n<p>Les\u00a0<strong>peaux mixtes \u00e0 grasses<\/strong>\u00a0n\u00e9cessitent un nettoyage quotidien qui leur apporte nettet\u00e9 et fra\u00eecheur. Pour les purifier en douceur,\u00a0<strong>Vichy<\/strong>\u00a0a cr\u00e9\u00e9 l\u2019<strong>eau micellaire min\u00e9rale peau grasse Puret\u00e9 Thermale<\/strong>, un nettoyant visage doux qui capture le maquillage et les impuret\u00e9s sans agresser la peau. Il permet de :<\/p>\n<ul>\n<li><strong>D\u00e9maquiller et nettoyer<\/strong>\u00a0le visage et les yeux des peaux sensibles<\/li>\n<li>Purifier les peaux mixtes \u00e0 grasses en\u00a0<strong>\u00e9liminant l\u2019exc\u00e8s de s\u00e9bum<\/strong>\u00a0et en\u00a0<strong>exfoliant<\/strong>\u00a0la peau pour favoriser sa r\u00e9g\u00e9n\u00e9ration<\/li>\n<li><strong>Matifier<\/strong>\u00a0durablement l\u2019\u00e9piderme<\/li>\n<\/ul>","protected":false},"featured_media":23883,"template":"","meta":{"arc_restricted_post":false},"product_cat":[48,334],"product_tag":[],"_links":{"self":[{"href":"https:\/\/www.sopha-sahara.com\/en\/wp-json\/wp\/v2\/product\/23722"}],"collection":[{"href":"https:\/\/www.sopha-sahara.com\/en\/wp-json\/wp\/v2\/product"}],"about":[{"href":"https:\/\/www.sopha-sahara.com\/en\/wp-json\/wp\/v2\/types\/product"}],"wp:featuredmedia":[{"embeddable":true,"href":"https:\/\/www.sopha-sahara.com\/en\/wp-json\/wp\/v2\/media\/23883"}],"wp:attachment":[{"href":"https:\/\/www.sopha-sahara.com\/en\/wp-json\/wp\/v2\/media?parent=23722"}],"wp:term":[{"taxonomy":"product_cat","embeddable":true,"href":"https:\/\/www.sopha-sahara.com\/en\/wp-json\/wp\/v2\/product_cat?post=23722"},{"taxonomy":"product_tag","embeddable":true,"href":"https:\/\/www.sopha-sahara.com\/en\/wp-json\/wp\/v2\/product_tag?post=23722"}],"curies":[{"name":"wp","href":"https:\/\/api.w.org\/{rel}","templated":true}]}}