{"id":23721,"date":"2020-12-15T12:25:11","date_gmt":"2020-12-15T11:25:11","guid":{"rendered":"https:\/\/www.interbusinesschamber.com\/produit\/vichy-mineral-89-booster-quotidien-fortifiant-et-repeuplant-50-ml\/"},"modified":"2020-12-30T12:56:59","modified_gmt":"2020-12-30T11:56:59","slug":"vichy-mineral-89-booster-quotidien-fortifiant-et-repeuplant-50-ml","status":"publish","type":"product","link":"https:\/\/www.sopha-sahara.com\/en\/product\/vichy-mineral-89-booster-quotidien-fortifiant-et-repeuplant-50-ml\/","title":{"rendered":"VICHY MIN\u00c9RAL 89 BOOSTER QUOTIDIEN FORTIFIANT ET REPEUPLANT 50 ML"},"content":{"rendered":"","protected":false},"excerpt":{"rendered":"<p>Avec 89% d&rsquo;eau thermale min\u00e9ralisante de Vichy associ\u00e9e \u00e0 l&rsquo;acide hyaluronique d&rsquo;origine naturelle. Min\u00e9ral 89 est la dose de sant\u00e9 quotidienne pour une peau plus forte contre les agressions ext\u00e9rieurs comme la pollution, le stress et la fatigue. Jour apr\u00e8s jour, la peau est hydrat\u00e9e, forte, rayonnante&#8230;<br \/>Tous types de peau.<br \/>M89 renforce la fonction de la barri\u00e8re cutan\u00e9e contre les agressions externes et internes (stress, pollution&#8230;), il rend la peau plus hydrat\u00e9e et plus \u00e9clatante de sant\u00e9.<\/p>\n<p>Appliquer MINERAL 89, comme la 1\u00e8re \u00e9tape de votre routine matinale quotidienne sur une peau propre.<\/p>","protected":false},"featured_media":23874,"template":"","meta":{"arc_restricted_post":false},"product_cat":[48,334],"product_tag":[],"_links":{"self":[{"href":"https:\/\/www.sopha-sahara.com\/en\/wp-json\/wp\/v2\/product\/23721"}],"collection":[{"href":"https:\/\/www.sopha-sahara.com\/en\/wp-json\/wp\/v2\/product"}],"about":[{"href":"https:\/\/www.sopha-sahara.com\/en\/wp-json\/wp\/v2\/types\/product"}],"wp:featuredmedia":[{"embeddable":true,"href":"https:\/\/www.sopha-sahara.com\/en\/wp-json\/wp\/v2\/media\/23874"}],"wp:attachment":[{"href":"https:\/\/www.sopha-sahara.com\/en\/wp-json\/wp\/v2\/media?parent=23721"}],"wp:term":[{"taxonomy":"product_cat","embeddable":true,"href":"https:\/\/www.sopha-sahara.com\/en\/wp-json\/wp\/v2\/product_cat?post=23721"},{"taxonomy":"product_tag","embeddable":true,"href":"https:\/\/www.sopha-sahara.com\/en\/wp-json\/wp\/v2\/product_tag?post=23721"}],"curies":[{"name":"wp","href":"https:\/\/api.w.org\/{rel}","templated":true}]}}