{"id":23720,"date":"2020-12-15T12:25:10","date_gmt":"2020-12-15T11:25:10","guid":{"rendered":"https:\/\/www.interbusinesschamber.com\/produit\/vichy-dercos-shampooing-energisant-anti-chute-200ml\/"},"modified":"2020-12-30T12:04:15","modified_gmt":"2020-12-30T11:04:15","slug":"vichy-dercos-shampooing-energisant-anti-chute-200ml","status":"publish","type":"product","link":"https:\/\/www.sopha-sahara.com\/en\/product\/vichy-dercos-shampooing-energisant-anti-chute-200ml\/","title":{"rendered":"VICHY DERCOS SHAMPOOING ENERGISANT ANTI-CHUTE 200ML"},"content":{"rendered":"","protected":false},"excerpt":{"rendered":"<p>Le seul shampooing \u00e0 l&rsquo;Aminexil, la mol\u00e9cule cosm\u00e9tique antichute de r\u00e9f\u00e9rence. Devenue la mol\u00e9cule anti-chute de r\u00e9f\u00e9rence en pharmacie, l&rsquo;Aminexil est issue de 10 ans de recherche, prot\u00e9g\u00e9e par 2 brevets. Son efficacit\u00e9 a \u00e9t\u00e9 prouv\u00e9e contre placebo. L&rsquo;Aminexil s\u2019oppose \u00e0 la rigidification de la gaine de collag\u00e8ne*, pour conserver souplesse et \u00e9lasticit\u00e9 aux tissus qui entourent la racine et lui permettent de s&rsquo;ancrer plus solidement dans le cuir chevelu.<br \/>Les Laboratoires Vichy vous proposent Energisant Shampooing compl\u00e9ment des traitements anti-chute, le seul shampooing \u00e0 l&rsquo;Aminexil. Retrouvez des cheveux plus forts, plus vigoureux des racines jusqu&rsquo;aux pointes.<br \/>Pour les hommes et les femmes, qui connaissnt une chute des cheveux, l\u00e9g\u00e8re \u00e0 install\u00e9e.<\/p>\n<p>Appliquez sur cheveux mouill\u00e9s et laissez agir quelques instants.<br \/>Ce shampooing peut \u00eatre utilis\u00e9 fr\u00e9quemment.<\/p>","protected":false},"featured_media":25904,"template":"","meta":{"arc_restricted_post":false},"product_cat":[48,334],"product_tag":[],"_links":{"self":[{"href":"https:\/\/www.sopha-sahara.com\/en\/wp-json\/wp\/v2\/product\/23720"}],"collection":[{"href":"https:\/\/www.sopha-sahara.com\/en\/wp-json\/wp\/v2\/product"}],"about":[{"href":"https:\/\/www.sopha-sahara.com\/en\/wp-json\/wp\/v2\/types\/product"}],"wp:featuredmedia":[{"embeddable":true,"href":"https:\/\/www.sopha-sahara.com\/en\/wp-json\/wp\/v2\/media\/25904"}],"wp:attachment":[{"href":"https:\/\/www.sopha-sahara.com\/en\/wp-json\/wp\/v2\/media?parent=23720"}],"wp:term":[{"taxonomy":"product_cat","embeddable":true,"href":"https:\/\/www.sopha-sahara.com\/en\/wp-json\/wp\/v2\/product_cat?post=23720"},{"taxonomy":"product_tag","embeddable":true,"href":"https:\/\/www.sopha-sahara.com\/en\/wp-json\/wp\/v2\/product_tag?post=23720"}],"curies":[{"name":"wp","href":"https:\/\/api.w.org\/{rel}","templated":true}]}}