{"id":23719,"date":"2020-12-15T12:25:10","date_gmt":"2020-12-15T11:25:10","guid":{"rendered":"https:\/\/www.interbusinesschamber.com\/produit\/vichy-aqualia-thermal-riche-tube-40ml-hydrate-apaise-et-fortifie-votre-peau-deshydratee-pendant-48h\/"},"modified":"2020-12-30T11:36:16","modified_gmt":"2020-12-30T10:36:16","slug":"vichy-aqualia-thermal-riche-tube-40ml-hydrate-apaise-et-fortifie-votre-peau-deshydratee-pendant-48h","status":"publish","type":"product","link":"https:\/\/www.sopha-sahara.com\/en\/product\/vichy-aqualia-thermal-riche-tube-40ml-hydrate-apaise-et-fortifie-votre-peau-deshydratee-pendant-48h\/","title":{"rendered":"VICHY AQUALIA THERMAL RICHE TUBE 40ML HYDRATE, APAISE ET FORTIFIE VOTRE PEAU D\u00c9SHYDRAT\u00c9E PENDANT 48H"},"content":{"rendered":"","protected":false},"excerpt":{"rendered":"<p>La cr\u00e8me riche AQUALIA THERMAL est un soin hydratant recommand\u00e9 pour les peaux s\u00e8ches \u00e0 tr\u00e8s s\u00e8ches. Sa texture riche r\u00e9conforte les peaux s\u00e8ches et d\u00e9shydrat\u00e9es. Inspir\u00e9e des solutions de r\u00e9hydratation isotoniques utilis\u00e9es en milieu m\u00e9dical pour lutter contre les fortes d\u00e9shydratations, la cr\u00e8me r\u00e9hydratante riche Vichy conserve et renforce l&rsquo;hydratation pour limiter les pertes hydriques de la peau. Contient 97% d&rsquo;ingr\u00e9fients d&rsquo;origine naturelle. Les 3% restants garantissent une sensorialit\u00e9 et une conservation optimales. La peau est imm\u00e9diatement repulp\u00e9e, plus confortable et hydrat\u00e9e pour 48h.<\/p>\n<p>La cr\u00e8me est appliqu\u00e9e chaque matin et chaque soir sur peau s\u00e8che et parfaitement propre en insistant sur les zones les plus d\u00e9shydrat\u00e9es.<\/p>","protected":false},"featured_media":23792,"template":"","meta":{"arc_restricted_post":false},"product_cat":[48,334],"product_tag":[],"_links":{"self":[{"href":"https:\/\/www.sopha-sahara.com\/en\/wp-json\/wp\/v2\/product\/23719"}],"collection":[{"href":"https:\/\/www.sopha-sahara.com\/en\/wp-json\/wp\/v2\/product"}],"about":[{"href":"https:\/\/www.sopha-sahara.com\/en\/wp-json\/wp\/v2\/types\/product"}],"wp:featuredmedia":[{"embeddable":true,"href":"https:\/\/www.sopha-sahara.com\/en\/wp-json\/wp\/v2\/media\/23792"}],"wp:attachment":[{"href":"https:\/\/www.sopha-sahara.com\/en\/wp-json\/wp\/v2\/media?parent=23719"}],"wp:term":[{"taxonomy":"product_cat","embeddable":true,"href":"https:\/\/www.sopha-sahara.com\/en\/wp-json\/wp\/v2\/product_cat?post=23719"},{"taxonomy":"product_tag","embeddable":true,"href":"https:\/\/www.sopha-sahara.com\/en\/wp-json\/wp\/v2\/product_tag?post=23719"}],"curies":[{"name":"wp","href":"https:\/\/api.w.org\/{rel}","templated":true}]}}