{"id":23718,"date":"2020-12-15T12:25:10","date_gmt":"2020-12-15T11:25:10","guid":{"rendered":"https:\/\/www.interbusinesschamber.com\/produit\/vichy-aqualia-thermal-creme-rehydratante-legere-peau-normale-tube-30ml\/"},"modified":"2020-12-30T11:28:00","modified_gmt":"2020-12-30T10:28:00","slug":"vichy-aqualia-thermal-creme-rehydratante-legere-peau-normale-tube-30ml","status":"publish","type":"product","link":"https:\/\/www.sopha-sahara.com\/en\/product\/vichy-aqualia-thermal-creme-rehydratante-legere-peau-normale-tube-30ml\/","title":{"rendered":"VICHY AQUALIA THERMAL CR\u00c8ME R\u00c9HYDRATANTE L\u00c9G\u00c8RE PEAU NORMALE TUBE 30ML"},"content":{"rendered":"","protected":false},"excerpt":{"rendered":"<p>La cr\u00e8me l\u00e9g\u00e8re AQUALIA THERMAL est un soin hydratant recommand\u00e9 pour les peaux normales \u00e0 mixtes. Sa texture l\u00e9g\u00e8re laisse sur la peau une sensation de confort poids plume. Inspir\u00e9e des solutions de r\u00e9hydratation isotoniques utilis\u00e9es en milieu m\u00e9dical pour lutter contre les fortes d\u00e9shydratations, la cr\u00e8me r\u00e9hydratante l\u00e9g\u00e8re Vichy, compos\u00e9e de 97% d&rsquo;ingr\u00e9dients d&rsquo;origine naturelle* renforce l&rsquo;hydratation et limite les pertes hydriques de la peau. Contient 97% d&rsquo;ingr\u00e9fients d&rsquo;origine naturelle. Les 3% restants garantissent une sensorialit\u00e9 et une conservation optimales. La peau est imm\u00e9diatement repulp\u00e9e, fra\u00eeche et hydrat\u00e9e pour 48h.<\/p>\n<p>La cr\u00e8me est appliqu\u00e9e chaque matin et chaque soir sur peau s\u00e8che et parfaitement propre en insistant sur les zones les plus d\u00e9shydrat\u00e9es.<\/p>","protected":false},"featured_media":23790,"template":"","meta":{"arc_restricted_post":false},"product_cat":[48,334],"product_tag":[],"_links":{"self":[{"href":"https:\/\/www.sopha-sahara.com\/en\/wp-json\/wp\/v2\/product\/23718"}],"collection":[{"href":"https:\/\/www.sopha-sahara.com\/en\/wp-json\/wp\/v2\/product"}],"about":[{"href":"https:\/\/www.sopha-sahara.com\/en\/wp-json\/wp\/v2\/types\/product"}],"wp:featuredmedia":[{"embeddable":true,"href":"https:\/\/www.sopha-sahara.com\/en\/wp-json\/wp\/v2\/media\/23790"}],"wp:attachment":[{"href":"https:\/\/www.sopha-sahara.com\/en\/wp-json\/wp\/v2\/media?parent=23718"}],"wp:term":[{"taxonomy":"product_cat","embeddable":true,"href":"https:\/\/www.sopha-sahara.com\/en\/wp-json\/wp\/v2\/product_cat?post=23718"},{"taxonomy":"product_tag","embeddable":true,"href":"https:\/\/www.sopha-sahara.com\/en\/wp-json\/wp\/v2\/product_tag?post=23718"}],"curies":[{"name":"wp","href":"https:\/\/api.w.org\/{rel}","templated":true}]}}