{"id":23717,"date":"2020-12-15T12:25:10","date_gmt":"2020-12-15T11:25:10","guid":{"rendered":"https:\/\/www.interbusinesschamber.com\/produit\/vichy-capital-soleil-lait-multi-protection-spf50-200ml\/"},"modified":"2020-12-30T11:37:25","modified_gmt":"2020-12-30T10:37:25","slug":"vichy-capital-soleil-lait-multi-protection-spf50-200ml","status":"publish","type":"product","link":"https:\/\/www.sopha-sahara.com\/en\/product\/vichy-capital-soleil-lait-multi-protection-spf50-200ml\/","title":{"rendered":"VICHY CAPITAL SOLEIL LAIT MULTI-PROTECTION SPF50+ 200ML"},"content":{"rendered":"<h4 class=\"tabs-title\">Conseils d'utilisation<\/h4>\n<div class=\"std new-std\">\n<p>Appliquer votre\u00a0creme solaire\u00a0une demi-heure avant l\u2019exposition au soleil et renouveler g\u00e9n\u00e9reusement l\u2019application fr\u00e9quemment [toutes les 2h] ou plus souvent surtout apr\u00e8s avoir nag\u00e9, transpir\u00e9 ou vous \u00eatre essuy\u00e9.<br \/>Eviter le contour des yeux. En cas de contact, les rincer imm\u00e9diatement et abondamment. Eviter le contact avec les textiles.<br \/>R\u00e9partisser ensuite uniform\u00e9ment la\u00a0creme solaire 50\u00a0sur les zones du corps expos\u00e9es au soleil.<br \/>Sa\u00a0texture lait fraicheur pour un fini invisible sans marque blanche.<br \/>Pour soulager instantan\u00e9ment votre peau et l'hydrater pendant 24h, pensez \u00e0 utiliser un lait\u00a0apres soleil\u00a0apaisant de la marque Vichy.<br \/>N\u2019exposez pas b\u00e9b\u00e9s et jeunes enfants de moins de 3 ans. La surexposition au soleil est dangereuse.<br \/>Eviter les heures d'ensoleillement les plus chaudes, entre 12h et 16h<\/p>\n<\/div>\n","protected":false},"excerpt":{"rendered":"<p>Lait Multi protection<br \/>Anti sable, sel, chlore et vent\u00a0<br \/>A l&rsquo;acide hyaluronique hydratant<br \/>Peaux sensibles<br \/>SPF50+<br \/>200ml<\/p>\n<p>La formule de cette\u00a0creme solaire 50\u00a0dit\u00a0lait multi-protection\u00a0:<br \/>&#8211; offre une haute\u00a0protection solaire\u00a0SPF50+ gr\u00e2ce \u00e0 sa formule enrichie en filtres \u00e0 large spectre UVA\/B associ\u00e9 \u00e0 l&rsquo;Eau thermale\u00a0Vichy<br \/>&#8211;\u00a0hydrate\u00a0la peau gr\u00e2ce \u00e0 sa formule enrichie en\u00a0acide hyaluronique\u00a0et pr\u00e9vient du dess\u00e9chement d\u00fb au sel, chlore et vent<br \/>&#8211;\u00a0r\u00e9siste\u00a0\u00e0 toutes les situations :\u00a0l\u2019eau, le sable, le sel, le chlore et le vent<br \/>&#8211; est sensorielle gr\u00e2ce \u00e0 sa\u00a0texture lait\u00a0pour un\u00a0effet fraicheur<\/p>\n<p>Cette\u00a0protection solaire\u00a0a \u00e9t\u00e9\u00a0test\u00e9e\u00a0sur\u00a0peau sensible. Sa formule,\u00a0haute tol\u00e9rance, est\u00a0hypoallerg\u00e9nique<\/p>\n<p>Une\u00a0creme solaire indice 50, plaisir sans concession sur la\u00a0protection solaire, \u00e0 la texture ultra-l\u00e9g\u00e8re et \u00e0 la formule multi-r\u00e9sistante !<\/p>","protected":false},"featured_media":23793,"template":"","meta":{"arc_restricted_post":false},"product_cat":[48,334],"product_tag":[],"_links":{"self":[{"href":"https:\/\/www.sopha-sahara.com\/en\/wp-json\/wp\/v2\/product\/23717"}],"collection":[{"href":"https:\/\/www.sopha-sahara.com\/en\/wp-json\/wp\/v2\/product"}],"about":[{"href":"https:\/\/www.sopha-sahara.com\/en\/wp-json\/wp\/v2\/types\/product"}],"wp:featuredmedia":[{"embeddable":true,"href":"https:\/\/www.sopha-sahara.com\/en\/wp-json\/wp\/v2\/media\/23793"}],"wp:attachment":[{"href":"https:\/\/www.sopha-sahara.com\/en\/wp-json\/wp\/v2\/media?parent=23717"}],"wp:term":[{"taxonomy":"product_cat","embeddable":true,"href":"https:\/\/www.sopha-sahara.com\/en\/wp-json\/wp\/v2\/product_cat?post=23717"},{"taxonomy":"product_tag","embeddable":true,"href":"https:\/\/www.sopha-sahara.com\/en\/wp-json\/wp\/v2\/product_tag?post=23717"}],"curies":[{"name":"wp","href":"https:\/\/api.w.org\/{rel}","templated":true}]}}