{"id":23716,"date":"2020-12-15T12:25:10","date_gmt":"2020-12-15T11:25:10","guid":{"rendered":"https:\/\/www.interbusinesschamber.com\/produit\/vichy-ideal-soleil-emulsion-anti-brillance-toucher-sec-spf-50\/"},"modified":"2020-12-30T12:42:26","modified_gmt":"2020-12-30T11:42:26","slug":"vichy-ideal-soleil-emulsion-anti-brillance-toucher-sec-spf-50","status":"publish","type":"product","link":"https:\/\/www.sopha-sahara.com\/en\/product\/vichy-ideal-soleil-emulsion-anti-brillance-toucher-sec-spf-50\/","title":{"rendered":"VICHY IDEAL SOLEIL EMULSION ANTI-BRILLANCE TOUCHER SEC SPF 50"},"content":{"rendered":"<p>Conseils d\u2019utilisation<br \/>Appliquez le produit juste avant exposition, renouvelez fr\u00e9quemment et g\u00e9n\u00e9reusement surtout apr\u00e8s avoir nag\u00e9, transpir\u00e9 ou vous \u00eatre essuy\u00e9.<\/p>\n<p><strong>Indication<\/strong>\u00a0<br \/>Solaire haute protection (SPF 50) visage, peaux mixtes \u00e0 grasses ou climats humides.<\/p>\n<p><strong>Composition<\/strong><br \/>AQUA \/ WATER - ALCOHOL DENAT. - DIISOPROPYL SEBACATE - SILICA - BUTYL METHOXYDIBENZOYLMETHANE - CI 77891 \/ TITANIUM DIOXIDE - C12-15 ALKYL BENZOATE - OCTOCRYLENE - ISOPROPYL LAUROYL SARCOSINATE - ZEA MAYS STARCH \/ CORN STARCH - ETHYLHEXYL TRIAZONE - POLY C10-30 ALKYL ACRYLATE - GLYCERYL STEARATE - BEHENYL ALCOHOL - METHYLENE BIS-BENZOTRIAZOLYL TETRAMETHYLBUTYLPHENOL [NANO] \/ METHYLENE BIS-BENZOTRIAZOLYL TETRAMETHYLBUTYLPHENOL - AMMONIUM POLYACRYLDIMETHYLTAURAMIDE \/ AMMONIUM POLYACRYLOYLDIMETHYL TAURATE - CAPRYLYL GLYCOL - CETYL ALCOHOL - DECYL GLUCOSIDE - DISODIUM EDTA - DISODIUM ETHYLENE DICOCAMIDE PEG-15 DISULFATE - DROMETRIZOLE TRISILOXANE - GLYCERYL STEARATE CITRATE - PHENOXYETHANOL - SODIUM HYALURONATE - TEREPHTHALYLIDENE DICAMPHOR SULFONIC ACID - TRIETHANOLAMINE - XANTHAN GUM - PARFUM \/ FRAGRANCE<\/p>\n","protected":false},"excerpt":{"rendered":"<p>VICHY IDEAL SOLEIL EMULSION ANTI-BRILLANCE TOUCHER SEC SPF 50\u00a0<\/p>\n<p>L&rsquo;\u00e9mulsion anti-brillance toucher sec SPF 50 ideal soleil de Vichy offre une protection cellulaire profonde aux peaux claires mixtes \u00e0 grasses, contre les rayons solaires les plus intenses.\u00a0<\/p>\n<p>Caract\u00e9ristiques<br \/>Sa texture l\u00e9g\u00e8re anti-brillance, particuli\u00e8rement adapt\u00e9e aux peaux mixtes \u00e0 grasses et aux climats humides, offre une protection optimale gr\u00e2ce \u00e0 un syst\u00e8me filtrant longs au mexoryl XL + min\u00e9raux : il prot\u00e8ge l&rsquo;ADN qui compose le capital g\u00e9n\u00e9tique et lutte contre les coups de soleil, irr\u00e9gularit\u00e9s pigmentaires et vieillissement pr\u00e9matur\u00e9 du au soleil.<\/p>","protected":false},"featured_media":23856,"template":"","meta":{"arc_restricted_post":false},"product_cat":[48,334],"product_tag":[],"_links":{"self":[{"href":"https:\/\/www.sopha-sahara.com\/en\/wp-json\/wp\/v2\/product\/23716"}],"collection":[{"href":"https:\/\/www.sopha-sahara.com\/en\/wp-json\/wp\/v2\/product"}],"about":[{"href":"https:\/\/www.sopha-sahara.com\/en\/wp-json\/wp\/v2\/types\/product"}],"wp:featuredmedia":[{"embeddable":true,"href":"https:\/\/www.sopha-sahara.com\/en\/wp-json\/wp\/v2\/media\/23856"}],"wp:attachment":[{"href":"https:\/\/www.sopha-sahara.com\/en\/wp-json\/wp\/v2\/media?parent=23716"}],"wp:term":[{"taxonomy":"product_cat","embeddable":true,"href":"https:\/\/www.sopha-sahara.com\/en\/wp-json\/wp\/v2\/product_cat?post=23716"},{"taxonomy":"product_tag","embeddable":true,"href":"https:\/\/www.sopha-sahara.com\/en\/wp-json\/wp\/v2\/product_tag?post=23716"}],"curies":[{"name":"wp","href":"https:\/\/api.w.org\/{rel}","templated":true}]}}