{"id":23715,"date":"2020-12-15T12:25:09","date_gmt":"2020-12-15T11:25:09","guid":{"rendered":"https:\/\/www.interbusinesschamber.com\/produit\/vichy-deodorant-mineral-mgo-125ml\/"},"modified":"2020-12-30T11:40:41","modified_gmt":"2020-12-30T10:40:41","slug":"vichy-deodorant-mineral-mgo-125ml","status":"publish","type":"product","link":"https:\/\/www.sopha-sahara.com\/en\/product\/vichy-deodorant-mineral-mgo-125ml\/","title":{"rendered":"VICHY DEODORANT MINERAL MGO 125ML"},"content":{"rendered":"<p><strong>conseils d'utilisation :\u00a0<\/strong><\/p>\n<p><strong>Vichy D\u00e9odorant Min\u00e9ra<\/strong>l 48h anti-odeur fraicheur MgO Lot 2 flacons 125ml :<\/p>\n<p>appliquer matin et\/ou le soir sous les aisselles, 2 applications successives suffisent pour une action prolong\u00e9e jusqu'\u00e0 la fin de la semaine. Peut s'utiliser quotidiennement.<\/p>","protected":false},"excerpt":{"rendered":"<p><strong>Vichy D\u00e9odorant Min\u00e9ral<\/strong>\u00a048h anti-odeur fraicheur MgO\u00a0<\/p>\n<p>D\u00e9odorant peau sensible ou \u00e9pil\u00e9e.<\/p>\n<p>D\u00e9odorant Min\u00e9ral &#8211; Sans sels d&rsquo;aluminium<\/p>\n<p>Efficacit\u00e9 et Tol\u00e9rance Optimales. Sans compromis.<br \/>Pour les femmes \u00e0 la recherche d&rsquo;un d\u00e9odorant sans sels d&rsquo;aluminim, avec un niveau d&rsquo;efficacit\u00e9 maximal sans compromis sur la tol\u00e9rance.<\/p>\n<p>Association de l&rsquo;oxyde de magn\u00e9sium et de 5 min\u00e9raux pour une efficacit\u00e9 anti-odeur jusqu\u2019\u00e0 48h, \u00e0 la Provitamine B5 apaisante.<br \/>Sans alcool, sans parab\u00e8ne, tol\u00e9rance optimale m\u00eame sur peaux \u00e9pil\u00e9es.<\/p>","protected":false},"featured_media":23799,"template":"","meta":{"arc_restricted_post":false},"product_cat":[48,334],"product_tag":[],"_links":{"self":[{"href":"https:\/\/www.sopha-sahara.com\/en\/wp-json\/wp\/v2\/product\/23715"}],"collection":[{"href":"https:\/\/www.sopha-sahara.com\/en\/wp-json\/wp\/v2\/product"}],"about":[{"href":"https:\/\/www.sopha-sahara.com\/en\/wp-json\/wp\/v2\/types\/product"}],"wp:featuredmedia":[{"embeddable":true,"href":"https:\/\/www.sopha-sahara.com\/en\/wp-json\/wp\/v2\/media\/23799"}],"wp:attachment":[{"href":"https:\/\/www.sopha-sahara.com\/en\/wp-json\/wp\/v2\/media?parent=23715"}],"wp:term":[{"taxonomy":"product_cat","embeddable":true,"href":"https:\/\/www.sopha-sahara.com\/en\/wp-json\/wp\/v2\/product_cat?post=23715"},{"taxonomy":"product_tag","embeddable":true,"href":"https:\/\/www.sopha-sahara.com\/en\/wp-json\/wp\/v2\/product_tag?post=23715"}],"curies":[{"name":"wp","href":"https:\/\/api.w.org\/{rel}","templated":true}]}}