{"id":23714,"date":"2020-12-15T12:25:04","date_gmt":"2020-12-15T11:25:04","guid":{"rendered":"https:\/\/www.interbusinesschamber.com\/produit\/vichy-liftactiv-supreme-nuit-50ml-mineral-89-booster-15ml-et-gel-hydroalcoolique-50-ml-offerts\/"},"modified":"2020-12-30T14:19:50","modified_gmt":"2020-12-30T13:19:50","slug":"vichy-liftactiv-supreme-nuit-50ml-mineral-89-booster-15ml-et-gel-hydroalcoolique-50-ml-offerts","status":"publish","type":"product","link":"https:\/\/www.sopha-sahara.com\/en\/product\/vichy-liftactiv-supreme-nuit-50ml-mineral-89-booster-15ml-et-gel-hydroalcoolique-50-ml-offerts\/","title":{"rendered":"VICHY DERCOS SHAMPOOING ENERGISANT \u2013 400 ML"},"content":{"rendered":"<p><strong>Application<\/strong><br \/>Ce shampooing peut \u00eatre utilis\u00e9 fr\u00e9quemment.<br \/>S\u00e9curit\u00e9<br \/>Sa formule hypoallerg\u00e9nique est SANS PARABEN.<br \/>Son efficacit\u00e9 a \u00e9t\u00e9 test\u00e9e sous contr\u00f4le dermatologique.<\/p>\n<p><strong>Composition<\/strong><br \/>AQUA \/ WATER \u2013 SODIUM LAURETH SULFATE \u2013 CITRIC ACID \u2013 DISODIUM COCOAMPHODIACETATE \u2013 GLYCOL DISTEARATE \u2013 AMMONIUM HYDROXIDE \u2013 CARBOMER \u2013 DIAMINOPYRIMIDINE OXIDE \u2013 DISODIUM RICINOLEAMIDO MEA-SULFOSUCCINATE \u2013 HEXYLENE GLYCOL \u2013 NIACINAMIDE \u2013 PANTHENOL \u2013 PEG-55 PROPYLENE GLYCOL OLEATE \u2013 POLYQUATERNIUM-10 \u2013 PROPYLENE GLYCOL \u2013 PYRIDOXINE HCl \u2013 SALICYLIC ACID \u2013 SODIUM BENZOATE \u2013 SODIUM CHLORIDE \u2013 SODIUM HYDROXIDE \u2013 PARFUM \/ FRAGRANCE<\/p>","protected":false},"excerpt":{"rendered":"<p>Devenue la mol\u00e9cule anti-chute de r\u00e9f\u00e9rence en pharmacie, l\u2019Aminexil est issue de 10 ans de recherche, prot\u00e9g\u00e9e par 2 brevets. Son efficacit\u00e9 a \u00e9t\u00e9 prouv\u00e9e contre placebo. L\u2019Aminexil s\u2019oppose \u00e0 la rigidification de la gaine de collag\u00e8ne*, pour conserver souplesse et \u00e9lasticit\u00e9 aux tissus qui entourent la racine et lui permettent de s\u2019ancrer plus solidement dans le cuir chevelu.Les Laboratoires Vichy vous proposent Energisant Shampooing compl\u00e9ment des traitements anti-chute, le seul shampooing \u00e0 l\u2019Aminexil. Retrouvez des cheveux plus forts, plus vigoureux des racines jusqu\u2019aux pointes.*Tests in vitro.<br \/>Les cheveux retrouvent vigueur et vitalit\u00e9 des racines jusqu\u2019aux pointes.Cheveux plus forts : pour 89% des sujets.Cheveux plus toniques : pour 90% des sujets.<\/p>","protected":false},"featured_media":25928,"template":"","meta":{"arc_restricted_post":false},"product_cat":[48,334],"product_tag":[],"_links":{"self":[{"href":"https:\/\/www.sopha-sahara.com\/en\/wp-json\/wp\/v2\/product\/23714"}],"collection":[{"href":"https:\/\/www.sopha-sahara.com\/en\/wp-json\/wp\/v2\/product"}],"about":[{"href":"https:\/\/www.sopha-sahara.com\/en\/wp-json\/wp\/v2\/types\/product"}],"wp:featuredmedia":[{"embeddable":true,"href":"https:\/\/www.sopha-sahara.com\/en\/wp-json\/wp\/v2\/media\/25928"}],"wp:attachment":[{"href":"https:\/\/www.sopha-sahara.com\/en\/wp-json\/wp\/v2\/media?parent=23714"}],"wp:term":[{"taxonomy":"product_cat","embeddable":true,"href":"https:\/\/www.sopha-sahara.com\/en\/wp-json\/wp\/v2\/product_cat?post=23714"},{"taxonomy":"product_tag","embeddable":true,"href":"https:\/\/www.sopha-sahara.com\/en\/wp-json\/wp\/v2\/product_tag?post=23714"}],"curies":[{"name":"wp","href":"https:\/\/api.w.org\/{rel}","templated":true}]}}