{"id":23713,"date":"2020-12-15T12:25:04","date_gmt":"2020-12-15T11:25:04","guid":{"rendered":"https:\/\/www.interbusinesschamber.com\/produit\/vichy-purete-thermale-eau-micellaire-minerale-peau-sensible-200ml\/"},"modified":"2020-12-31T09:58:23","modified_gmt":"2020-12-31T08:58:23","slug":"vichy-purete-thermale-eau-micellaire-minerale-peau-sensible-200ml","status":"publish","type":"product","link":"https:\/\/www.sopha-sahara.com\/en\/product\/vichy-purete-thermale-eau-micellaire-minerale-peau-sensible-200ml\/","title":{"rendered":"VICHY PURETE THERMALE EAU MICELLAIRE MINERALE PEAU SENSIBLE 200ML"},"content":{"rendered":"<h4>Conseils d\u2019utilisation :<\/h4>\n<p>Matin et soir, imbibez un coton d\u2019eau micellaire et nettoyez d\u00e9licatement le visage pour enlever le maquillage et ses impuret\u00e9s.<\/p>","protected":false},"excerpt":{"rendered":"<p>Une eau micellaire pour peau et yeux sensibles<\/p>\n<p>Le\u00a0<strong>d\u00e9maquillage<\/strong>\u00a0et le\u00a0<strong>nettoyage du visage<\/strong>\u00a0est souvent une \u00e9tape d\u00e9licate pour les\u00a0<strong>peaux sensibles<\/strong>\u00a0et fragiles.\u00a0<strong>Vichy<\/strong>\u00a0a cr\u00e9\u00e9 l\u2019<strong>eau micellaire min\u00e9rale Puret\u00e9 Thermale<\/strong>\u00a0pour faciliter le d\u00e9maquillage des peaux sensibles tout en leur apportant confort et puret\u00e9 gr\u00e2ce \u00e0 sa formule innovante. Sans rin\u00e7age, elle ne n\u00e9cessite pas de frottements pour \u00eatre efficace, ce qui en fait un soin id\u00e9al pour les peaux r\u00e9actives, souvent sujettes aux inconforts cutan\u00e9s (rougeurs, tiraillements \u2026) L\u2019eau micellaire min\u00e9rale Puret\u00e9 Thermale\u00a0<strong>apaise<\/strong>\u00a0ces d\u00e9s\u00e9quilibres,\u00a0<strong>fortifie<\/strong>\u00a0la peau et la revitalise jour apr\u00e8s jour.<\/p>\n<p>L\u2019eau min\u00e9rale de Vichy pour fortifier la peau<\/p>\n<p><strong>Hypoallerg\u00e9nique<\/strong>, l\u2019eau micellaire min\u00e9rale Peau Sensible Puret\u00e9 Thermale de Vichy convient aux\u00a0<strong>yeux sensibles<\/strong>\u00a0et aux porteurs de lentilles. Test\u00e9e sous contr\u00f4le dermatologique, sa composition contient trois composants compl\u00e9mentaires qui permettent d\u2019apaiser les peaux sensibles :<\/p>\n<ul>\n<li>L\u2019<strong>eau min\u00e9ralisante<\/strong>\u00a0de Vichy : fortifiante, elle poss\u00e8de une composition riche en min\u00e9raux qui renforcent le film hydrolipidique de l\u2019\u00e9piderme.<\/li>\n<li>La technologie\u00a0<strong>micellaire<\/strong>\u00a0: con\u00e7ue pour respecter les peaux les plus sensible, cette technologie permet de capturer le s\u00e9bum, les impuret\u00e9s et le maquillage sans alt\u00e9rer la barri\u00e8re naturelle de la peau.<\/li>\n<li>Le\u00a0<strong>panth\u00e9nol<\/strong>\u00a0: r\u00e9parateur et apaisant, il maintient l\u2019hydratation naturelle de l\u2019\u00e9piderme et pr\u00e9serve son \u00e9lasticit\u00e9.<\/li>\n<\/ul>\n<p>Nette et fra\u00eeche, la peau est imm\u00e9diatement plus douce et plus confortable.<\/p>","protected":false},"featured_media":23884,"template":"","meta":{"arc_restricted_post":false},"product_cat":[48,334],"product_tag":[],"_links":{"self":[{"href":"https:\/\/www.sopha-sahara.com\/en\/wp-json\/wp\/v2\/product\/23713"}],"collection":[{"href":"https:\/\/www.sopha-sahara.com\/en\/wp-json\/wp\/v2\/product"}],"about":[{"href":"https:\/\/www.sopha-sahara.com\/en\/wp-json\/wp\/v2\/types\/product"}],"wp:featuredmedia":[{"embeddable":true,"href":"https:\/\/www.sopha-sahara.com\/en\/wp-json\/wp\/v2\/media\/23884"}],"wp:attachment":[{"href":"https:\/\/www.sopha-sahara.com\/en\/wp-json\/wp\/v2\/media?parent=23713"}],"wp:term":[{"taxonomy":"product_cat","embeddable":true,"href":"https:\/\/www.sopha-sahara.com\/en\/wp-json\/wp\/v2\/product_cat?post=23713"},{"taxonomy":"product_tag","embeddable":true,"href":"https:\/\/www.sopha-sahara.com\/en\/wp-json\/wp\/v2\/product_tag?post=23713"}],"curies":[{"name":"wp","href":"https:\/\/api.w.org\/{rel}","templated":true}]}}