{"id":23712,"date":"2020-12-15T12:25:04","date_gmt":"2020-12-15T11:25:04","guid":{"rendered":"https:\/\/www.interbusinesschamber.com\/produit\/vichy-ideal-soleil-creme-anti-brillance-teintee-toucher-sec-50-ml-ideal-soleil-lait-apaisant-apres-soleil-100-ml-offert\/"},"modified":"2020-12-30T12:41:11","modified_gmt":"2020-12-30T11:41:11","slug":"vichy-ideal-soleil-creme-anti-brillance-teintee-toucher-sec-50-ml-ideal-soleil-lait-apaisant-apres-soleil-100-ml-offert","status":"publish","type":"product","link":"https:\/\/www.sopha-sahara.com\/en\/product\/vichy-ideal-soleil-creme-anti-brillance-teintee-toucher-sec-50-ml-ideal-soleil-lait-apaisant-apres-soleil-100-ml-offert\/","title":{"rendered":"VICHY IDEAL SOLEIL CR\u00c9ME ANTI-BRILLANCE TEINT\u00c9E TOUCHER SEC 50 ML + ID\u00c9AL SOLEIL LAIT APAISANT APR\u00c8S SOLEIL 100 ML OFFERT"},"content":{"rendered":"<p><strong>CONSEILS D'UTILISATION:<\/strong><\/p>\n<p>Appliquer la BB \u00e9mulsion Vichy SPF50 sur l'ensemble du visage avant toute exposition au soleil. Renouveler fr\u00e9quemment l'application toutes les 2h, apr\u00e8s une baignade ou s'\u00eatre essuy\u00e9.<\/p>","protected":false},"excerpt":{"rendered":"<p>Vichy Capital Soleil SPF50 BB \u00c9mulsion est compos\u00e9e d&rsquo;une formule \u00e0 base d&rsquo;eau thermale de Vichy, hypoallerg\u00e9nique et sans paraben pour le respect de la peau sensible du visage.<br \/>Cette BB \u00c9mulsion SPF50 Vichy contient \u00e9galement des filtres solaires anti-UVA et UVB (Mexoryl-XL\u00ae + min\u00e9raux) pour la tr\u00e8s haute protection de la peau, et poss\u00e8de une texture tr\u00e8s l\u00e9g\u00e8re, formul\u00e9e pour les peaux grasses ou mixtes, et offre un fini \u00ab\u00a0toucher sec\u00a0\u00bb.<\/p>","protected":false},"featured_media":23853,"template":"","meta":{"arc_restricted_post":false},"product_cat":[48,334],"product_tag":[],"_links":{"self":[{"href":"https:\/\/www.sopha-sahara.com\/en\/wp-json\/wp\/v2\/product\/23712"}],"collection":[{"href":"https:\/\/www.sopha-sahara.com\/en\/wp-json\/wp\/v2\/product"}],"about":[{"href":"https:\/\/www.sopha-sahara.com\/en\/wp-json\/wp\/v2\/types\/product"}],"wp:featuredmedia":[{"embeddable":true,"href":"https:\/\/www.sopha-sahara.com\/en\/wp-json\/wp\/v2\/media\/23853"}],"wp:attachment":[{"href":"https:\/\/www.sopha-sahara.com\/en\/wp-json\/wp\/v2\/media?parent=23712"}],"wp:term":[{"taxonomy":"product_cat","embeddable":true,"href":"https:\/\/www.sopha-sahara.com\/en\/wp-json\/wp\/v2\/product_cat?post=23712"},{"taxonomy":"product_tag","embeddable":true,"href":"https:\/\/www.sopha-sahara.com\/en\/wp-json\/wp\/v2\/product_tag?post=23712"}],"curies":[{"name":"wp","href":"https:\/\/api.w.org\/{rel}","templated":true}]}}