{"id":23711,"date":"2020-12-15T12:25:04","date_gmt":"2020-12-15T11:25:04","guid":{"rendered":"https:\/\/www.interbusinesschamber.com\/produit\/vichy-dercos-nutrients-shampooing-sec-detox-150ml\/"},"modified":"2020-12-30T12:00:05","modified_gmt":"2020-12-30T11:00:05","slug":"vichy-dercos-nutrients-shampooing-sec-detox-150ml","status":"publish","type":"product","link":"https:\/\/www.sopha-sahara.com\/en\/product\/vichy-dercos-nutrients-shampooing-sec-detox-150ml\/","title":{"rendered":"VICHY DERCOS NUTRIENTS SHAMPOOING SEC DETOX 150ML"},"content":{"rendered":"<div>\u00a0<\/div>\n<div><strong>CONSEILS D'UTILISATION :<\/strong><\/div>\n<div>Bien agiter avant emploi. Pulv\u00e9riser \u00e0 15 cm du cuir chevelu sur cheveux secs en insistant sur les racines. Laisser poser 20 secondes. Puis brosser les cheveux.<\/div>","protected":false},"excerpt":{"rendered":"<div>Shampooing sec purifiant pour cheveux et cuir chevelu regraissant vite. Sa formule associe l&rsquo;argile de kaolin absorbante \u00e0 la spiruline d\u00e9tox. Le cuir chevelu est rafra\u00eechi et le taux de s\u00e9bum, r\u00e9gul\u00e9.<\/div>\n<div>Pour les femmes expos\u00e9es \u00e0 la pollution quotidienne, qui affecte la production de s\u00e9bum<\/div>\n<div>SENSATION DE FRA\u00ceCHEUR INSTANTAN\u00c9E<\/div>\n<div>R\u00c9DUCTION DE L&rsquo;ODEUR DU CUIR CHEVELU<\/div>\n<div>CONTR\u00d4LE DU TAUX DE S\u00c9BUM ET DE L&rsquo;ASPECT GRAS DU CUIR CHEVELU PENDANT 24H*<\/div>\n<div>SANS SILICONE POUR UN TOUCHER NATUREL<\/div>\n<div>SANS ALCOOL<\/div>","protected":false},"featured_media":23818,"template":"","meta":{"arc_restricted_post":false},"product_cat":[48,334],"product_tag":[],"_links":{"self":[{"href":"https:\/\/www.sopha-sahara.com\/en\/wp-json\/wp\/v2\/product\/23711"}],"collection":[{"href":"https:\/\/www.sopha-sahara.com\/en\/wp-json\/wp\/v2\/product"}],"about":[{"href":"https:\/\/www.sopha-sahara.com\/en\/wp-json\/wp\/v2\/types\/product"}],"wp:featuredmedia":[{"embeddable":true,"href":"https:\/\/www.sopha-sahara.com\/en\/wp-json\/wp\/v2\/media\/23818"}],"wp:attachment":[{"href":"https:\/\/www.sopha-sahara.com\/en\/wp-json\/wp\/v2\/media?parent=23711"}],"wp:term":[{"taxonomy":"product_cat","embeddable":true,"href":"https:\/\/www.sopha-sahara.com\/en\/wp-json\/wp\/v2\/product_cat?post=23711"},{"taxonomy":"product_tag","embeddable":true,"href":"https:\/\/www.sopha-sahara.com\/en\/wp-json\/wp\/v2\/product_tag?post=23711"}],"curies":[{"name":"wp","href":"https:\/\/api.w.org\/{rel}","templated":true}]}}