{"id":23710,"date":"2020-12-15T12:25:04","date_gmt":"2020-12-15T11:25:04","guid":{"rendered":"https:\/\/www.interbusinesschamber.com\/produit\/vichy-ideal-white-serum-eclaicissant-30-mlgel-hydroalcoolique-50-mlvichy-brightening-deep-cleansing-15ml-offert\/"},"modified":"2020-12-30T12:45:03","modified_gmt":"2020-12-30T11:45:03","slug":"vichy-ideal-white-serum-eclaicissant-30-mlgel-hydroalcoolique-50-mlvichy-brightening-deep-cleansing-15ml-offert","status":"publish","type":"product","link":"https:\/\/www.sopha-sahara.com\/en\/product\/vichy-ideal-white-serum-eclaicissant-30-mlgel-hydroalcoolique-50-mlvichy-brightening-deep-cleansing-15ml-offert\/","title":{"rendered":"VICHY IDEAL WHITE SERUM ECLAICISSANT 30 ML+GEL HYDROALCOOLIQUE 50 ML+VICHY BRIGHTENING DEEP CLEANSING 15ML OFFERT"},"content":{"rendered":"<p><strong>CONSEILS D\u2019UTILISATION :<\/strong><\/p>\n<p>Appliquer chaque matin et \/ ou soir avec \u00a0votre routine de soin d\u2019\u00e9claircissement de la peau. \u00c9viter le contour des yeux. Associer avec un soin de la peau ou un Spf 15 chaque matin.<\/p>\n<p><strong>GEL HYDROALCOOLIQUE 50 M<\/strong><\/p>\n<p>Vichy Gel Hydroalcoolique 50 ml est un gel hydroalcoolique qui contient 70% d'alcool (v\/v) et est enrichi en glyc\u00e9rine pour nettoyer et purifier sans dess\u00e9cher la peau.<\/p>\n<p>Sans parfum, il ne n\u00e9cessite ni eau ni savon et son petit format pratique permet de le transporter partout.<\/p>\n<p>Fabriqu\u00e9 en France.<\/p>","protected":false},"excerpt":{"rendered":"<p class=\"product-single__title\">Promo Vichy ideal white serum eclaicissant 30 ml+GEL HYDROALCOOLIQUE 50 ML+Vichy Brightening Deep Cleansing 15ml Offert<\/p>\n<p><strong>Une peau claire, hydrat\u00e9e et sans taches<\/strong><br \/><strong>Les femmes qui ont des taches brunes, teint ou peau terne.<\/strong><\/p>\n<p>Apr\u00e8s 12 ans de recherche et 6 brevets, Vichy pr\u00e9sente une technologie d\u2019\u00e9claircissement exclusive contenant Phe-r\u00e9sorcinol, un ingr\u00e9dient 10 fois plus puissant sur la pigmentation*.<br \/>Ce s\u00e9rum \u00e9claircissant va instantan\u00e9ment et sur le long terme corriger 5 probl\u00e8mes de pigmentation :<br \/>\u2013 R\u00e9duire les taches sombres.<br \/>\u2013 Unifier le teint<br \/>-Stimuler un \u00e9clat ros\u00e9<br \/>\u2013 Eclairer la peau de l\u2019int\u00e9rieur.<br \/>\u2013 Adoucir la texture de la peau et l\u0092hydrater pendant 24 heures.<br \/>Apr\u00e8s 2 semaines d\u0092utilisation, le produit reste efficace sur les taches sombres<br \/>* Cet ingr\u00e9dient dermatologique r\u00e9f\u00e9rent. ** Apr\u00e8s 8 semaines d\u2019utilisation Contre T0.<br \/>Test\u00e9 sur les peaux sensibles sous contr\u00f4le dermatologique. Eau Thermale de Vichy apaisante et fortifiante. Hypoallerg\u00e9nique. Sans Parab\u00e8ne. Non com\u00e9dog\u00e8ne.Au-del\u00e0 d\u0092une peau plus lumineuse, r\u00e9v\u00e8le une peau blanche id\u00e9ale. Sur application, il laisse la peau lisse et potel\u00e9e. Hydrat\u00e9e instantan\u00e9ment, la peau r\u00e9v\u00e8le un \u00e9clat id\u00e9al. A partir de 4 semaines, le teint terne de la peau est r\u00e9duit. Apr\u00e8s 8 semaines, le nombre et l\u2019intensit\u00e9 de la couleur des taches diminuent avec une efficacit\u00e9 de longue dur\u00e9e *<\/p>","protected":false},"featured_media":23860,"template":"","meta":{"arc_restricted_post":false},"product_cat":[48,334],"product_tag":[],"_links":{"self":[{"href":"https:\/\/www.sopha-sahara.com\/en\/wp-json\/wp\/v2\/product\/23710"}],"collection":[{"href":"https:\/\/www.sopha-sahara.com\/en\/wp-json\/wp\/v2\/product"}],"about":[{"href":"https:\/\/www.sopha-sahara.com\/en\/wp-json\/wp\/v2\/types\/product"}],"wp:featuredmedia":[{"embeddable":true,"href":"https:\/\/www.sopha-sahara.com\/en\/wp-json\/wp\/v2\/media\/23860"}],"wp:attachment":[{"href":"https:\/\/www.sopha-sahara.com\/en\/wp-json\/wp\/v2\/media?parent=23710"}],"wp:term":[{"taxonomy":"product_cat","embeddable":true,"href":"https:\/\/www.sopha-sahara.com\/en\/wp-json\/wp\/v2\/product_cat?post=23710"},{"taxonomy":"product_tag","embeddable":true,"href":"https:\/\/www.sopha-sahara.com\/en\/wp-json\/wp\/v2\/product_tag?post=23710"}],"curies":[{"name":"wp","href":"https:\/\/api.w.org\/{rel}","templated":true}]}}