{"id":23709,"date":"2020-12-15T12:25:03","date_gmt":"2020-12-15T11:25:03","guid":{"rendered":"https:\/\/www.interbusinesschamber.com\/produit\/vichy-liftactiv-collagen-specialist-50ml\/"},"modified":"2020-12-30T12:47:19","modified_gmt":"2020-12-30T11:47:19","slug":"vichy-liftactiv-collagen-specialist-50ml","status":"publish","type":"product","link":"https:\/\/www.sopha-sahara.com\/en\/product\/vichy-liftactiv-collagen-specialist-50ml\/","title":{"rendered":"VICHY LIFTACTIV COLLAGEN SPECIALIST 50ML"},"content":{"rendered":"<div><strong>CONSEILS D'UTILISATION :<\/strong><\/div>\n<div>\n<div>Appliquer une fiche couche sur une peau propre et s\u00e8che.<\/div>\n<div>\u00a0<\/div>\n<\/div>","protected":false},"excerpt":{"rendered":"<div>Rides combl\u00e9es, contours resculpt\u00e9s, teint unifi\u00e9.\u00a0 Efficacit\u00e9 anti-\u00e2ge prouv\u00e9e et visible :<\/div>\n<div>Imm\u00e9diatement : tonicit\u00e9 +52%*<\/div>\n<div>Apr\u00e8s 4 semaines : rides -16%**<\/div>\n<div>Apr\u00e8s 8 semaines : r\u00e9duction de la pigmentation et du rel\u00e2chement cutan\u00e9<\/div>\n<div>\u00a0<\/div>\n<div>*Test instrumental sur 40 femmes\u00a0<\/div>\n<div>**Scorage clinique des rides de la patte d&rsquo;oie sur 58 femmes<\/div>\n<div>\u00a0<\/div>\n<div><strong>TOL\u00c9RANCE :<\/strong><\/div>\n<div>\n<div>COLLAGEN SPECIALIST corrige les signes li\u00e9s \u00e0 la perte de collag\u00e8ne sur la peau.\u00a0<\/div>\n<div>\u00a0<\/div>\n<\/div>","protected":false},"featured_media":23863,"template":"","meta":{"arc_restricted_post":false},"product_cat":[48,334],"product_tag":[],"_links":{"self":[{"href":"https:\/\/www.sopha-sahara.com\/en\/wp-json\/wp\/v2\/product\/23709"}],"collection":[{"href":"https:\/\/www.sopha-sahara.com\/en\/wp-json\/wp\/v2\/product"}],"about":[{"href":"https:\/\/www.sopha-sahara.com\/en\/wp-json\/wp\/v2\/types\/product"}],"wp:featuredmedia":[{"embeddable":true,"href":"https:\/\/www.sopha-sahara.com\/en\/wp-json\/wp\/v2\/media\/23863"}],"wp:attachment":[{"href":"https:\/\/www.sopha-sahara.com\/en\/wp-json\/wp\/v2\/media?parent=23709"}],"wp:term":[{"taxonomy":"product_cat","embeddable":true,"href":"https:\/\/www.sopha-sahara.com\/en\/wp-json\/wp\/v2\/product_cat?post=23709"},{"taxonomy":"product_tag","embeddable":true,"href":"https:\/\/www.sopha-sahara.com\/en\/wp-json\/wp\/v2\/product_tag?post=23709"}],"curies":[{"name":"wp","href":"https:\/\/api.w.org\/{rel}","templated":true}]}}