{"id":23708,"date":"2020-12-15T12:25:03","date_gmt":"2020-12-15T11:25:03","guid":{"rendered":"https:\/\/www.interbusinesschamber.com\/produit\/vichy-dercos-energisant-apres-shampooing-fortifiant-complement-anti-chute-150ml\/"},"modified":"2020-12-30T11:49:18","modified_gmt":"2020-12-30T10:49:18","slug":"vichy-dercos-energisant-apres-shampooing-fortifiant-complement-anti-chute-150ml","status":"publish","type":"product","link":"https:\/\/www.sopha-sahara.com\/en\/product\/vichy-dercos-energisant-apres-shampooing-fortifiant-complement-anti-chute-150ml\/","title":{"rendered":"VICHY DERCOS ENERGISANT APRES-SHAMPOOING FORTIFIANT COMPLEMENT ANTI-CHUTE 150ML"},"content":{"rendered":"","protected":false},"excerpt":{"rendered":"<p>R\u00e9duit la chute de cheveux li\u00e9e \u00e0 la casse. D\u00e9m\u00eale sans alourdir. Cheveux plus forts, plus r\u00e9sistants.<br \/>Chute de cheveux, cheveux fragiles.<\/p>\n<p>Appliquez sur cheveux mouill\u00e9s, massez doucement le cuir chevelu, laissez poser 1 minute, puis rincez.<\/p>","protected":false},"featured_media":23810,"template":"","meta":{"arc_restricted_post":false},"product_cat":[48,334],"product_tag":[],"_links":{"self":[{"href":"https:\/\/www.sopha-sahara.com\/en\/wp-json\/wp\/v2\/product\/23708"}],"collection":[{"href":"https:\/\/www.sopha-sahara.com\/en\/wp-json\/wp\/v2\/product"}],"about":[{"href":"https:\/\/www.sopha-sahara.com\/en\/wp-json\/wp\/v2\/types\/product"}],"wp:featuredmedia":[{"embeddable":true,"href":"https:\/\/www.sopha-sahara.com\/en\/wp-json\/wp\/v2\/media\/23810"}],"wp:attachment":[{"href":"https:\/\/www.sopha-sahara.com\/en\/wp-json\/wp\/v2\/media?parent=23708"}],"wp:term":[{"taxonomy":"product_cat","embeddable":true,"href":"https:\/\/www.sopha-sahara.com\/en\/wp-json\/wp\/v2\/product_cat?post=23708"},{"taxonomy":"product_tag","embeddable":true,"href":"https:\/\/www.sopha-sahara.com\/en\/wp-json\/wp\/v2\/product_tag?post=23708"}],"curies":[{"name":"wp","href":"https:\/\/api.w.org\/{rel}","templated":true}]}}