{"id":23706,"date":"2020-12-15T12:25:03","date_gmt":"2020-12-15T11:25:03","guid":{"rendered":"https:\/\/www.interbusinesschamber.com\/produit\/vichy-uv-protect-creme-hydratante-teintee-spf50\/"},"modified":"2020-12-30T14:18:13","modified_gmt":"2020-12-30T13:18:13","slug":"vichy-uv-protect-creme-hydratante-teintee-spf50","status":"publish","type":"product","link":"https:\/\/www.sopha-sahara.com\/en\/product\/vichy-uv-protect-creme-hydratante-teintee-spf50\/","title":{"rendered":"VICHY UV PROTECT CR\u00c8ME HYDRATANTE TEINT\u00c9E SPF50"},"content":{"rendered":"","protected":false},"excerpt":{"rendered":"<p>Votre peau devient imm\u00e9diatement hydrat\u00e9e pour une dur\u00e9e de 8 heures. Un extrait de graines de karit\u00e9 d&rsquo;origine v\u00e9g\u00e9tale combin\u00e9 \u00e0 deux antioxydants, \u00e0 savoir, l\u2019extrait de racine de baicaline de Chine et la vitamine E, pour vous aider \u00e0 emp\u00eacher l&rsquo;oxydation de la peau caus\u00e9e par la pollution.<\/p>\n<p>Hypoallerg\u00e9nique\u00a0<br \/>Sans parab\u00e8ne\u00a0<br \/>Test\u00e9 sur peaux sensibles sous contr\u00f4le dermatologique<\/p>","protected":false},"featured_media":23890,"template":"","meta":{"arc_restricted_post":false},"product_cat":[48,334],"product_tag":[],"_links":{"self":[{"href":"https:\/\/www.sopha-sahara.com\/en\/wp-json\/wp\/v2\/product\/23706"}],"collection":[{"href":"https:\/\/www.sopha-sahara.com\/en\/wp-json\/wp\/v2\/product"}],"about":[{"href":"https:\/\/www.sopha-sahara.com\/en\/wp-json\/wp\/v2\/types\/product"}],"wp:featuredmedia":[{"embeddable":true,"href":"https:\/\/www.sopha-sahara.com\/en\/wp-json\/wp\/v2\/media\/23890"}],"wp:attachment":[{"href":"https:\/\/www.sopha-sahara.com\/en\/wp-json\/wp\/v2\/media?parent=23706"}],"wp:term":[{"taxonomy":"product_cat","embeddable":true,"href":"https:\/\/www.sopha-sahara.com\/en\/wp-json\/wp\/v2\/product_cat?post=23706"},{"taxonomy":"product_tag","embeddable":true,"href":"https:\/\/www.sopha-sahara.com\/en\/wp-json\/wp\/v2\/product_tag?post=23706"}],"curies":[{"name":"wp","href":"https:\/\/api.w.org\/{rel}","templated":true}]}}