{"id":23705,"date":"2020-12-15T12:25:03","date_gmt":"2020-12-15T11:25:03","guid":{"rendered":"https:\/\/www.interbusinesschamber.com\/produit\/vichy-dermablend-covermatte-fond-de-teint-poudre-compacte-12h-nude-25\/"},"modified":"2020-12-30T12:24:44","modified_gmt":"2020-12-30T11:24:44","slug":"vichy-dermablend-covermatte-fond-de-teint-poudre-compacte-12h-nude-25","status":"publish","type":"product","link":"https:\/\/www.sopha-sahara.com\/en\/product\/vichy-dermablend-covermatte-fond-de-teint-poudre-compacte-12h-nude-25\/","title":{"rendered":"VICHY DERMABLEND COVERMATTE FOND DE TEINT POUDRE COMPACTE 12H NUDE 25"},"content":{"rendered":"<p>Appliquer sur peau propre, en utilisant une cr\u00e8me hydratante au pr\u00e9alable.<\/p>\n<p>1. Pr\u00e9levez le produit avec l'\u00e9ponge en faisant des petits mouvements circulaires.<\/p>\n<p>2. Etalez le produit du centre du visage vers l'ext\u00e9rieur pour une application homog\u00e8ne.<\/p>\n<p>3. En fonction du d\u00e9faut \u00e0 corriger, vous pouvez appliquer une seconde couche.<\/p>","protected":false},"excerpt":{"rendered":"<p>Fond de teint poudre compacte haute couvrance pour masquer efficacement les imperfections. Absorbe l&rsquo;exc\u00e8s de s\u00e9bum pour un r\u00e9sultat anti-brillance et r\u00e9duit les imperfections jusqu&rsquo;\u00e0 -60%. Matit\u00e9 12H. Sans effet masque. Auto-\u00e9valuation sur 60 sujets. La formule haute couvrance de la poudre compacte DERMABLEND covermatte permet de masquer et de corriger les imperfections (boutons, pores dilat\u00e9s, taches, rougeurs et marques de cicatrices d\u2019acn\u00e9) sans effet masque.<br \/>L\u2019association de l\u2019acide salicylique, de perlite absorbante et de zinc gluconate absorbe l\u2019exc\u00e8s de s\u00e9bum pour offrir un r\u00e9sultat mat sans brillance pendant 12H*.<br \/>Et apr\u00e8s 4 semaines d&rsquo;utilisation, les imperfections sont diminu\u00e9es de 60%**.<br \/>Covermatte poss\u00e8de \u00e9galement un indice de protection solaire SPF25 pour prot\u00e9ger votre peau des rayons du soleil. Gr\u00e2ce aux 4 teintes propos\u00e9es, chaque peau peut profiter d\u2019une poudre compacte adapt\u00e9e \u00e0 sa carnation. Test\u00e9 sur peaux sensibles &#8211; Hypoallerg\u00e9nique &#8211; Non com\u00e9dog\u00e8ne &#8211; Sans paraben<\/p>\n<p>Ne pas appliquer sur une plaie non cicatris\u00e9e.<\/p>\n<p>* Auto-\u00e9valution sur 60 sujets<br \/>** Test clinique sur 41 femmes sur 4 semaines &#8211; r\u00e9duction moyenne des imperfections les plus visibles sur peau grasse.<\/p>","protected":false},"featured_media":23834,"template":"","meta":{"arc_restricted_post":false},"product_cat":[48,334],"product_tag":[],"_links":{"self":[{"href":"https:\/\/www.sopha-sahara.com\/en\/wp-json\/wp\/v2\/product\/23705"}],"collection":[{"href":"https:\/\/www.sopha-sahara.com\/en\/wp-json\/wp\/v2\/product"}],"about":[{"href":"https:\/\/www.sopha-sahara.com\/en\/wp-json\/wp\/v2\/types\/product"}],"wp:featuredmedia":[{"embeddable":true,"href":"https:\/\/www.sopha-sahara.com\/en\/wp-json\/wp\/v2\/media\/23834"}],"wp:attachment":[{"href":"https:\/\/www.sopha-sahara.com\/en\/wp-json\/wp\/v2\/media?parent=23705"}],"wp:term":[{"taxonomy":"product_cat","embeddable":true,"href":"https:\/\/www.sopha-sahara.com\/en\/wp-json\/wp\/v2\/product_cat?post=23705"},{"taxonomy":"product_tag","embeddable":true,"href":"https:\/\/www.sopha-sahara.com\/en\/wp-json\/wp\/v2\/product_tag?post=23705"}],"curies":[{"name":"wp","href":"https:\/\/api.w.org\/{rel}","templated":true}]}}