{"id":23702,"date":"2020-12-15T12:25:02","date_gmt":"2020-12-15T11:25:02","guid":{"rendered":"https:\/\/www.interbusinesschamber.com\/produit\/vichy-dercos-aminexil-clinical-5-femmes-traitement-anti-chute\/"},"modified":"2020-12-30T11:42:43","modified_gmt":"2020-12-30T10:42:43","slug":"vichy-dercos-aminexil-clinical-5-femmes-traitement-anti-chute","status":"publish","type":"product","link":"https:\/\/www.sopha-sahara.com\/en\/product\/vichy-dercos-aminexil-clinical-5-femmes-traitement-anti-chute\/","title":{"rendered":"VICHY DERCOS AMINEXIL CLINICAL 5 &#8211; FEMMES &#8211; TRAITEMENT ANTI-CHUTE"},"content":{"rendered":"<p><strong>Utilisation :<\/strong><br \/>- En cure intensive :<br \/>1 fiole par jour pendant 6 semaines. Peut s\u2019appliquer sur cheveux secs ou mouill\u00e9s.<br \/>- En cure d\u2019entretien :<br \/>3 fioles par semaine.<\/p>\n<p>Usage Externe. Ne pas avaler. \u00c9viter d'appliquer sur une peau irrit\u00e9e ou vers les yeux. En cas de contact avec les yeux, les rincer imm\u00e9diatement.<\/p>","protected":false},"excerpt":{"rendered":"<p>INNOVATION ANTI-CHUTE : AMINEXIL CLINICAL 5.<br \/>Association exclusive de l\u2019Aminexil, mol\u00e9cule anti-chute de r\u00e9f\u00e9rence \u00e0 l\u2019efficacit\u00e9 clinique, avec 5 actifs, pour une action compl\u00e8te.<\/p>\n<p>[DE LA RACINE]<br \/>Renforce l\u2019ancrage dans le cuir chevelu.<br \/>[JUSQU\u2019\u00c0 LA POINTE]<br \/>Favorise une fibre forte et r\u00e9sistante.<br \/>[+ NOUVELLE ACTION RENFOR\u00c7ATRICE CUIR CHEVELU]<br \/>R\u00e9duit les micro-d\u00e9s\u00e9quilibres du cuir chevelu, et renforce sa capacit\u00e9 de r\u00e9sistance.<\/p>\n","protected":false},"featured_media":23803,"template":"","meta":{"arc_restricted_post":false},"product_cat":[48,334],"product_tag":[],"_links":{"self":[{"href":"https:\/\/www.sopha-sahara.com\/en\/wp-json\/wp\/v2\/product\/23702"}],"collection":[{"href":"https:\/\/www.sopha-sahara.com\/en\/wp-json\/wp\/v2\/product"}],"about":[{"href":"https:\/\/www.sopha-sahara.com\/en\/wp-json\/wp\/v2\/types\/product"}],"wp:featuredmedia":[{"embeddable":true,"href":"https:\/\/www.sopha-sahara.com\/en\/wp-json\/wp\/v2\/media\/23803"}],"wp:attachment":[{"href":"https:\/\/www.sopha-sahara.com\/en\/wp-json\/wp\/v2\/media?parent=23702"}],"wp:term":[{"taxonomy":"product_cat","embeddable":true,"href":"https:\/\/www.sopha-sahara.com\/en\/wp-json\/wp\/v2\/product_cat?post=23702"},{"taxonomy":"product_tag","embeddable":true,"href":"https:\/\/www.sopha-sahara.com\/en\/wp-json\/wp\/v2\/product_tag?post=23702"}],"curies":[{"name":"wp","href":"https:\/\/api.w.org\/{rel}","templated":true}]}}