{"id":23701,"date":"2020-12-15T12:25:02","date_gmt":"2020-12-15T11:25:02","guid":{"rendered":"https:\/\/www.interbusinesschamber.com\/produit\/vichy-dercos-ultra-apaisant-shampooing-sans-sulfate-cheveux-secs-200-ml\/"},"modified":"2020-12-30T12:18:44","modified_gmt":"2020-12-30T11:18:44","slug":"vichy-dercos-ultra-apaisant-shampooing-sans-sulfate-cheveux-secs-200-ml","status":"publish","type":"product","link":"https:\/\/www.sopha-sahara.com\/en\/product\/vichy-dercos-ultra-apaisant-shampooing-sans-sulfate-cheveux-secs-200-ml\/","title":{"rendered":"VICHY DERCOS ULTRA APAISANT SHAMPOOING SANS SULFATE CHEVEUX SECS 200 ML"},"content":{"rendered":"","protected":false},"excerpt":{"rendered":"<p>Formule apaisante cliniquement prouv\u00e9e :<br \/>Sensirine : propri\u00e9t\u00e9s apaisantes cliniquement prouv\u00e9es.<br \/>Panth\u00e9nol : cheveux plus doux, plus brillants, plus souples.<br \/>Glycerine : reconnue pour ses propri\u00e9t\u00e9s hydratantes.<\/p>\n<p>Agit instantan\u00e9ment d\u00e8s la 1\u00e8re utilisation.<br \/>Cuir chevelu apais\u00e9 pour 48h.<br \/>Anti d\u00e9mangeaisons.<br \/>Renforce la fibre sensibilis\u00e9e.<\/p>\n<p>Appliquez sur cheveux mouill\u00e9s, massez doucement le cuir chevelu, laissez poser 1 minute, puis rincez.<\/p>","protected":false},"featured_media":25909,"template":"","meta":{"arc_restricted_post":false},"product_cat":[48,334],"product_tag":[],"_links":{"self":[{"href":"https:\/\/www.sopha-sahara.com\/en\/wp-json\/wp\/v2\/product\/23701"}],"collection":[{"href":"https:\/\/www.sopha-sahara.com\/en\/wp-json\/wp\/v2\/product"}],"about":[{"href":"https:\/\/www.sopha-sahara.com\/en\/wp-json\/wp\/v2\/types\/product"}],"wp:featuredmedia":[{"embeddable":true,"href":"https:\/\/www.sopha-sahara.com\/en\/wp-json\/wp\/v2\/media\/25909"}],"wp:attachment":[{"href":"https:\/\/www.sopha-sahara.com\/en\/wp-json\/wp\/v2\/media?parent=23701"}],"wp:term":[{"taxonomy":"product_cat","embeddable":true,"href":"https:\/\/www.sopha-sahara.com\/en\/wp-json\/wp\/v2\/product_cat?post=23701"},{"taxonomy":"product_tag","embeddable":true,"href":"https:\/\/www.sopha-sahara.com\/en\/wp-json\/wp\/v2\/product_tag?post=23701"}],"curies":[{"name":"wp","href":"https:\/\/api.w.org\/{rel}","templated":true}]}}