{"id":23700,"date":"2020-12-15T12:25:02","date_gmt":"2020-12-15T11:25:02","guid":{"rendered":"https:\/\/www.interbusinesschamber.com\/produit\/vichy-normaderm-traitement-correcteur-anti-acne-lotion-hydratante-24h-50ml\/"},"modified":"2020-12-30T14:10:07","modified_gmt":"2020-12-30T13:10:07","slug":"vichy-normaderm-traitement-correcteur-anti-acne-lotion-hydratante-24h-50ml","status":"publish","type":"product","link":"https:\/\/www.sopha-sahara.com\/en\/product\/vichy-normaderm-traitement-correcteur-anti-acne-lotion-hydratante-24h-50ml\/","title":{"rendered":"VICHY NORMADERM TRAITEMENT CORRECTEUR ANTI-ACN\u00c9 LOTION HYDRATANTE 24H (50ML)"},"content":{"rendered":"","protected":false},"excerpt":{"rendered":"<p>Anti-acn\u00e9, anti traces et pores resserr\u00e9s.<br \/>Pour les femmes adultes souffrant d&rsquo;une peau \u00e0 imperfections :<br \/>imperfections, marques colorielles, pores dilat\u00e9s, brillances r\u00e9currentes, teint terne.<\/p>\n<p>Appliquez une noisette de soin sur le visage parfaitement nettoy\u00e9.<\/p>","protected":false},"featured_media":23879,"template":"","meta":{"arc_restricted_post":false},"product_cat":[48,334],"product_tag":[],"_links":{"self":[{"href":"https:\/\/www.sopha-sahara.com\/en\/wp-json\/wp\/v2\/product\/23700"}],"collection":[{"href":"https:\/\/www.sopha-sahara.com\/en\/wp-json\/wp\/v2\/product"}],"about":[{"href":"https:\/\/www.sopha-sahara.com\/en\/wp-json\/wp\/v2\/types\/product"}],"wp:featuredmedia":[{"embeddable":true,"href":"https:\/\/www.sopha-sahara.com\/en\/wp-json\/wp\/v2\/media\/23879"}],"wp:attachment":[{"href":"https:\/\/www.sopha-sahara.com\/en\/wp-json\/wp\/v2\/media?parent=23700"}],"wp:term":[{"taxonomy":"product_cat","embeddable":true,"href":"https:\/\/www.sopha-sahara.com\/en\/wp-json\/wp\/v2\/product_cat?post=23700"},{"taxonomy":"product_tag","embeddable":true,"href":"https:\/\/www.sopha-sahara.com\/en\/wp-json\/wp\/v2\/product_tag?post=23700"}],"curies":[{"name":"wp","href":"https:\/\/api.w.org\/{rel}","templated":true}]}}