{"id":23699,"date":"2020-12-15T12:25:02","date_gmt":"2020-12-15T11:25:02","guid":{"rendered":"https:\/\/www.interbusinesschamber.com\/produit\/vichy-aqualia-thermal-levres\/"},"modified":"2020-12-30T11:35:48","modified_gmt":"2020-12-30T10:35:48","slug":"vichy-aqualia-thermal-levres","status":"publish","type":"product","link":"https:\/\/www.sopha-sahara.com\/en\/product\/vichy-aqualia-thermal-levres\/","title":{"rendered":"VICHY AQUALIA THERMAL LEVRES"},"content":{"rendered":"<h4><a class=\"on\">TOL\u00c9RANCE<\/a><\/h4>\n<p>Formule hypoallerg\u00e9nique test\u00e9e sous contr\u00f4le dermatologique.<\/p>\n<h4><a class=\"on\">PLAISIR<\/a><\/h4>\n<p>Sa texture riche glisse sur vos l\u00e8vres et les enveloppe de confort, durablement.<\/p>\n<h4>ACTION<\/h4>\n<p>R\u00e9pare et apaise vos l\u00e8vres ab\u00eem\u00e9es.<\/p>\n<h4>R\u00c9SULTAT<\/h4>\n<p>\u2022 Hydrate et nourrit : 91%<br \/>\u2022 Apaise les l\u00e8vres gerc\u00e9es et dess\u00e9ch\u00e9es : 97%<br \/>\u2022 Pr\u00e9vient les sensations de tiraillements : 100%<br \/>\u2022 Auto-\u00e9valuations sur 32 femmes.<\/p>\n<h4>APPLICATION<\/h4>\n<p>Appliquez sur vos l\u00e8vres ab\u00eem\u00e9es ou gerc\u00e9es. Renouvelez l'application si n\u00e9cessaire. Pour des l\u00e8vres sublimes toute l\u2019ann\u00e9e, utilisez le soin quotidiennement, m\u00eame sous le rouge \u00e0 l\u00e8vres.<\/p>\n<div class=\"padding15-10\">\n<div class=\"padding15-10\">\n<h4>CONDITIONNEMENT<\/h4>\n<p>Stick 4,7 ml<\/p>\n<\/div>\n<\/div>","protected":false},"excerpt":{"rendered":"<p>Double action : apaisante et r\u00e9paratrice.nn4 actifs r\u00e9parateurs rigoureusement s\u00e9lectionn\u00e9s, la Glyc\u00e9rine, le Beurre de karit\u00e9, l\u2019Acide asiatique et la Vitamine E, agissent en synergie pour garantir aux l\u00e8vres gerc\u00e9es et ab\u00eem\u00e9es une hydratation r\u00e9paratrice intense et leur redonner durablement souplesse et douceur.nLes l\u00e8vres sont mieux hydrat\u00e9es, visiblement plus lisses et belles.<\/p>","protected":false},"featured_media":23791,"template":"","meta":{"arc_restricted_post":false},"product_cat":[48,334],"product_tag":[],"_links":{"self":[{"href":"https:\/\/www.sopha-sahara.com\/en\/wp-json\/wp\/v2\/product\/23699"}],"collection":[{"href":"https:\/\/www.sopha-sahara.com\/en\/wp-json\/wp\/v2\/product"}],"about":[{"href":"https:\/\/www.sopha-sahara.com\/en\/wp-json\/wp\/v2\/types\/product"}],"wp:featuredmedia":[{"embeddable":true,"href":"https:\/\/www.sopha-sahara.com\/en\/wp-json\/wp\/v2\/media\/23791"}],"wp:attachment":[{"href":"https:\/\/www.sopha-sahara.com\/en\/wp-json\/wp\/v2\/media?parent=23699"}],"wp:term":[{"taxonomy":"product_cat","embeddable":true,"href":"https:\/\/www.sopha-sahara.com\/en\/wp-json\/wp\/v2\/product_cat?post=23699"},{"taxonomy":"product_tag","embeddable":true,"href":"https:\/\/www.sopha-sahara.com\/en\/wp-json\/wp\/v2\/product_tag?post=23699"}],"curies":[{"name":"wp","href":"https:\/\/api.w.org\/{rel}","templated":true}]}}