{"id":23698,"date":"2020-12-15T12:25:01","date_gmt":"2020-12-15T11:25:01","guid":{"rendered":"https:\/\/www.interbusinesschamber.com\/produit\/vichy-deodorant-anti-transpirant-48h-aerosol\/"},"modified":"2020-12-30T11:38:18","modified_gmt":"2020-12-30T10:38:18","slug":"vichy-deodorant-anti-transpirant-48h-aerosol","status":"publish","type":"product","link":"https:\/\/www.sopha-sahara.com\/en\/product\/vichy-deodorant-anti-transpirant-48h-aerosol\/","title":{"rendered":"VICHY D\u00c9ODORANT ANTI-TRANSPIRANT 48H &#8211; AEROSOL"},"content":{"rendered":"","protected":false},"excerpt":{"rendered":"<p>Les actifs anti-transpirants contenus dans cet a\u00e9rosol vous procurent une fra\u00eecheur intense imm\u00e9diate et s\u00e9curit\u00e9 sans faille pendant 48h.<\/p>\n<p>Vaporisez quotidiennement sur des aisselles propres et s\u00e8ches.<\/p>","protected":false},"featured_media":23795,"template":"","meta":{"arc_restricted_post":false},"product_cat":[48,334],"product_tag":[],"_links":{"self":[{"href":"https:\/\/www.sopha-sahara.com\/en\/wp-json\/wp\/v2\/product\/23698"}],"collection":[{"href":"https:\/\/www.sopha-sahara.com\/en\/wp-json\/wp\/v2\/product"}],"about":[{"href":"https:\/\/www.sopha-sahara.com\/en\/wp-json\/wp\/v2\/types\/product"}],"wp:featuredmedia":[{"embeddable":true,"href":"https:\/\/www.sopha-sahara.com\/en\/wp-json\/wp\/v2\/media\/23795"}],"wp:attachment":[{"href":"https:\/\/www.sopha-sahara.com\/en\/wp-json\/wp\/v2\/media?parent=23698"}],"wp:term":[{"taxonomy":"product_cat","embeddable":true,"href":"https:\/\/www.sopha-sahara.com\/en\/wp-json\/wp\/v2\/product_cat?post=23698"},{"taxonomy":"product_tag","embeddable":true,"href":"https:\/\/www.sopha-sahara.com\/en\/wp-json\/wp\/v2\/product_tag?post=23698"}],"curies":[{"name":"wp","href":"https:\/\/api.w.org\/{rel}","templated":true}]}}