{"id":23697,"date":"2020-12-15T12:25:01","date_gmt":"2020-12-15T11:25:01","guid":{"rendered":"https:\/\/www.interbusinesschamber.com\/produit\/vichy-traitement-anti-transpirant-anti-traces-blanches-et-jaunes-48h-bille-50ml\/"},"modified":"2020-12-30T14:17:28","modified_gmt":"2020-12-30T13:17:28","slug":"vichy-traitement-anti-transpirant-anti-traces-blanches-et-jaunes-48h-bille-50ml","status":"publish","type":"product","link":"https:\/\/www.sopha-sahara.com\/en\/product\/vichy-traitement-anti-transpirant-anti-traces-blanches-et-jaunes-48h-bille-50ml\/","title":{"rendered":"VICHY TRAITEMENT ANTI-TRANSPIRANT &#8211; ANTI-TRACES BLANCHES ET JAUNES 48H (BILLE) 50ML"},"content":{"rendered":"<h4><a class=\"on\">EFFICACIT\u00c9<\/a><\/h4>\n<p>48h de Protection anti transpirante.<\/p>\n<h4><a class=\"on\">TOL\u00c9RANCE<\/a><\/h4>\n<p>Test\u00e9 sous contr\u00f4le dermatologique, Hyppoallergenique, Peau Sensible.<\/p>\n<h4>ACTION<\/h4>\n<p>Anti transpirant 48h.<\/p>\n<h4>R\u00c9SULTAT<\/h4>\n<p>Efficacit\u00e9 anti transpirante 48h, R\u00e9duction nette du jaunissement des textiles et des d\u00e9p\u00f4ts de r\u00e9sidu. Pas de traces blanches sur les v\u00eatements fonc\u00e9s.<\/p>\n<h4>APPLICATION<\/h4>\n<p>Appliquez\u00a0quotidiennement sur des aisselles propres et s\u00e8ches.<\/p>\n<div class=\"padding15-10\">\n<div class=\"padding15-10\">\n<h4>CONDITIONNEMENT<\/h4>\n<p>Bille 50 ml<\/p>\n<\/div>\n<\/div>","protected":false},"excerpt":{"rendered":"<p>EFFICACIT\u00c9 48h de Protection anti transpirante. TOL\u00c9RANCE Test\u00e9 sous contr\u00f4le dermatologique, Hyppoallergenique, Peau Sensible. ACTION Anti transpirant 48h. R\u00c9SULTAT Efficacit\u00e9 anti transpirante 48h, R\u00e9duction nette du jaunissement des textiles et des d\u00e9p\u00f4ts de r\u00e9sidu. Pas de traces blanches sur les&#8230;<\/p>","protected":false},"featured_media":23888,"template":"","meta":{"arc_restricted_post":false},"product_cat":[48,334],"product_tag":[],"_links":{"self":[{"href":"https:\/\/www.sopha-sahara.com\/en\/wp-json\/wp\/v2\/product\/23697"}],"collection":[{"href":"https:\/\/www.sopha-sahara.com\/en\/wp-json\/wp\/v2\/product"}],"about":[{"href":"https:\/\/www.sopha-sahara.com\/en\/wp-json\/wp\/v2\/types\/product"}],"wp:featuredmedia":[{"embeddable":true,"href":"https:\/\/www.sopha-sahara.com\/en\/wp-json\/wp\/v2\/media\/23888"}],"wp:attachment":[{"href":"https:\/\/www.sopha-sahara.com\/en\/wp-json\/wp\/v2\/media?parent=23697"}],"wp:term":[{"taxonomy":"product_cat","embeddable":true,"href":"https:\/\/www.sopha-sahara.com\/en\/wp-json\/wp\/v2\/product_cat?post=23697"},{"taxonomy":"product_tag","embeddable":true,"href":"https:\/\/www.sopha-sahara.com\/en\/wp-json\/wp\/v2\/product_tag?post=23697"}],"curies":[{"name":"wp","href":"https:\/\/api.w.org\/{rel}","templated":true}]}}