{"id":23696,"date":"2020-12-15T12:25:01","date_gmt":"2020-12-15T11:25:01","guid":{"rendered":"https:\/\/www.interbusinesschamber.com\/produit\/vichy-purete-thermale-gel-frais-nettoyant\/"},"modified":"2020-12-30T14:14:59","modified_gmt":"2020-12-30T13:14:59","slug":"vichy-purete-thermale-gel-frais-nettoyant","status":"publish","type":"product","link":"https:\/\/www.sopha-sahara.com\/en\/product\/vichy-purete-thermale-gel-frais-nettoyant\/","title":{"rendered":"VICHY PURETE THERMALE GEL FRAIS NETTOYANT"},"content":{"rendered":"","protected":false},"excerpt":{"rendered":"<p>Gel (Sans savon). Elimine les impuret\u00e9s et les particules de pollution. Att\u00e9nue les inconforts dus au calcaire. Pour red\u00e9couvrir l&rsquo;efficacit\u00e9 du nettoyage \u00e0 l&rsquo;eau sans dess\u00e9cher votre peau. 86% des femmes le trouvent plus agr\u00e9able que leur nettoyant habituel. Test clinique , 63 femmes asiatiques de 19 \u00e0 59 ans , 4 semaines<\/p>\n<p>Masser sur visage humide.<br \/>Eviter le contour des yeux.<br \/>Rincer \u00e0 l&rsquo;eau.<br \/>En cas de contact avec les yeux rincer imm\u00e9diatement et abondamment.<\/p>","protected":false},"featured_media":23885,"template":"","meta":{"arc_restricted_post":false},"product_cat":[48,334],"product_tag":[],"_links":{"self":[{"href":"https:\/\/www.sopha-sahara.com\/en\/wp-json\/wp\/v2\/product\/23696"}],"collection":[{"href":"https:\/\/www.sopha-sahara.com\/en\/wp-json\/wp\/v2\/product"}],"about":[{"href":"https:\/\/www.sopha-sahara.com\/en\/wp-json\/wp\/v2\/types\/product"}],"wp:featuredmedia":[{"embeddable":true,"href":"https:\/\/www.sopha-sahara.com\/en\/wp-json\/wp\/v2\/media\/23885"}],"wp:attachment":[{"href":"https:\/\/www.sopha-sahara.com\/en\/wp-json\/wp\/v2\/media?parent=23696"}],"wp:term":[{"taxonomy":"product_cat","embeddable":true,"href":"https:\/\/www.sopha-sahara.com\/en\/wp-json\/wp\/v2\/product_cat?post=23696"},{"taxonomy":"product_tag","embeddable":true,"href":"https:\/\/www.sopha-sahara.com\/en\/wp-json\/wp\/v2\/product_tag?post=23696"}],"curies":[{"name":"wp","href":"https:\/\/api.w.org\/{rel}","templated":true}]}}