{"id":23694,"date":"2020-12-15T12:25:01","date_gmt":"2020-12-15T11:25:01","guid":{"rendered":"https:\/\/www.interbusinesschamber.com\/produit\/vichy-dermablend-3d-correction-35\/"},"modified":"2020-12-30T12:22:26","modified_gmt":"2020-12-30T11:22:26","slug":"vichy-dermablend-3d-correction-35","status":"publish","type":"product","link":"https:\/\/www.sopha-sahara.com\/en\/product\/vichy-dermablend-3d-correction-35\/","title":{"rendered":"VICHY DERMABLEND 3D CORRECTION 35"},"content":{"rendered":"<p><strong>R\u00e9sultats:<\/strong><br \/>Le teint est unifi\u00e9, lisse et mat pendant 16 heures*. La peau est souple et confortable. Une diminution de -49%** des imperfections est cliniquement prouv\u00e9e apr\u00e8s 4 semaines d\u2019utilisation.<br \/>* Auto\u00e9valuation par 60 femmes.<br \/>** Test clinique sur 43 sujets.<br \/>PEAUX GRASSES \u00e0 TENDANCE ACN\u00c9IQUE.<br \/>Indications: imperfections et marques r\u00e9siduelles des peaux grasses \u00e0 tendance acn\u00e9ique.<\/p>\n<p>Nettoyer parfaitement la peau et appliquer votre soin habituel avant de proc\u00e9der au maquillage.<br \/>Conseils d\u2019utilisation :<br \/>1 - Je pr\u00e9l\u00e8ve<br \/>Pr\u00e9lever une petite noisette de fond de teint.<br \/>2 - J\u2019applique<br \/>D\u00e9poser par petites touches, du bout des doigts, de l\u2019int\u00e9rieur vers l\u2019ext\u00e9rieur du visage, pour une r\u00e9partition \u00e9gale et un dosage optimal du produit. R\u00e9appliquer si n\u00e9cessaire sur les zones \u00e0 imperfections ou marques de cicatrices.<br \/>3 - J\u2019\u00e9tale<br \/>Etendre par un mouvement de lissage rapide de l\u2019int\u00e9rieur vers l\u2019ext\u00e9rieur du visage.<\/p>","protected":false},"excerpt":{"rendered":"<p>Haute couvrance et Correction du relief. Acide salicylic = action sur la qualit\u00e9 de peau.<br \/>Eperuline = action apaisante.<\/p>\n<p>Jour apr\u00e8s jour. Enrichi en acide salicylique et \u00e9p\u00e9ruline, ce fond de teint r\u00e9duit visiblement les imperfections.<\/p>","protected":false},"featured_media":23831,"template":"","meta":{"arc_restricted_post":false},"product_cat":[48,334],"product_tag":[],"_links":{"self":[{"href":"https:\/\/www.sopha-sahara.com\/en\/wp-json\/wp\/v2\/product\/23694"}],"collection":[{"href":"https:\/\/www.sopha-sahara.com\/en\/wp-json\/wp\/v2\/product"}],"about":[{"href":"https:\/\/www.sopha-sahara.com\/en\/wp-json\/wp\/v2\/types\/product"}],"wp:featuredmedia":[{"embeddable":true,"href":"https:\/\/www.sopha-sahara.com\/en\/wp-json\/wp\/v2\/media\/23831"}],"wp:attachment":[{"href":"https:\/\/www.sopha-sahara.com\/en\/wp-json\/wp\/v2\/media?parent=23694"}],"wp:term":[{"taxonomy":"product_cat","embeddable":true,"href":"https:\/\/www.sopha-sahara.com\/en\/wp-json\/wp\/v2\/product_cat?post=23694"},{"taxonomy":"product_tag","embeddable":true,"href":"https:\/\/www.sopha-sahara.com\/en\/wp-json\/wp\/v2\/product_tag?post=23694"}],"curies":[{"name":"wp","href":"https:\/\/api.w.org\/{rel}","templated":true}]}}