{"id":23693,"date":"2020-12-15T12:25:01","date_gmt":"2020-12-15T11:25:01","guid":{"rendered":"https:\/\/www.interbusinesschamber.com\/produit\/vichy-ideal-soleil-creme-anti-taches-teinte-3-en-1-spf-50\/"},"modified":"2020-12-30T12:41:45","modified_gmt":"2020-12-30T11:41:45","slug":"vichy-ideal-soleil-creme-anti-taches-teinte-3-en-1-spf-50","status":"publish","type":"product","link":"https:\/\/www.sopha-sahara.com\/en\/product\/vichy-ideal-soleil-creme-anti-taches-teinte-3-en-1-spf-50\/","title":{"rendered":"VICHY ID\u00c9AL SOLEIL CR\u00c8ME ANTI-TACHES TEINT\u00c9 3 EN 1 SPF 50+"},"content":{"rendered":"","protected":false},"excerpt":{"rendered":"<p>Protection Visage. Soin anti-taches teint\u00e9 3-en-1. Fini non gras. Tr\u00e8s haute protection Unifie imm\u00e9diatement gr\u00e2ce aux pigments min\u00e9raux universels. Corrige les taches jour apr\u00e8s jour gr\u00e2ce \u00e0 sa formule pigment\u00e9e\/teint\u00e9e enrichie en Phe-Resorcinol, un principe actif contre les taches et prot\u00e8ge contre les rayons UVB\/UVA.<\/p>\n<p>Appliquez le produit juste avant l&rsquo;exposition, renouvelez fr\u00e9quemment et g\u00e9n\u00e9reusement surtout apr\u00e8s avoir nag\u00e9, transpir\u00e9 ou vous \u00eatre essuy\u00e9. Eviter le contour des yeux. En cas de contact, les rincer imm\u00e9diatement et abondamment. Eviter le contact avec les textiles.<\/p>","protected":false},"featured_media":23854,"template":"","meta":{"arc_restricted_post":false},"product_cat":[48,334],"product_tag":[],"_links":{"self":[{"href":"https:\/\/www.sopha-sahara.com\/en\/wp-json\/wp\/v2\/product\/23693"}],"collection":[{"href":"https:\/\/www.sopha-sahara.com\/en\/wp-json\/wp\/v2\/product"}],"about":[{"href":"https:\/\/www.sopha-sahara.com\/en\/wp-json\/wp\/v2\/types\/product"}],"wp:featuredmedia":[{"embeddable":true,"href":"https:\/\/www.sopha-sahara.com\/en\/wp-json\/wp\/v2\/media\/23854"}],"wp:attachment":[{"href":"https:\/\/www.sopha-sahara.com\/en\/wp-json\/wp\/v2\/media?parent=23693"}],"wp:term":[{"taxonomy":"product_cat","embeddable":true,"href":"https:\/\/www.sopha-sahara.com\/en\/wp-json\/wp\/v2\/product_cat?post=23693"},{"taxonomy":"product_tag","embeddable":true,"href":"https:\/\/www.sopha-sahara.com\/en\/wp-json\/wp\/v2\/product_tag?post=23693"}],"curies":[{"name":"wp","href":"https:\/\/api.w.org\/{rel}","templated":true}]}}