{"id":23692,"date":"2020-12-15T12:25:00","date_gmt":"2020-12-15T11:25:00","guid":{"rendered":"https:\/\/www.interbusinesschamber.com\/produit\/vichy-ideal-soleil-spf50-brume-anti-sable-enfants-200ml\/"},"modified":"2020-12-30T12:44:08","modified_gmt":"2020-12-30T11:44:08","slug":"vichy-ideal-soleil-spf50-brume-anti-sable-enfants-200ml","status":"publish","type":"product","link":"https:\/\/www.sopha-sahara.com\/en\/product\/vichy-ideal-soleil-spf50-brume-anti-sable-enfants-200ml\/","title":{"rendered":"VICHY ID\u00c9AL SOLEIL SPF50+ BRUME ANTI-SABLE ENFANTS 200ML"},"content":{"rendered":"","protected":false},"excerpt":{"rendered":"<p>Protection Enfants. La premi\u00e8re brume solaire anti-sable haute tol\u00e9rance de VICHY qui permet le d\u00e9collement du sable en 1 geste dans un format pratique.<\/p>\n<p>Vaporiser sur la peau une fine brume. Apr\u00e8s pulv\u00e9risation, laissez agir quelques instants puis s\u00e9chez d\u00e9licatement. S\u2019utilise en soin quotidien \u00e0 tout moment de la journ\u00e9e et le soir.<\/p>","protected":false},"featured_media":23858,"template":"","meta":{"arc_restricted_post":false},"product_cat":[48,334],"product_tag":[],"_links":{"self":[{"href":"https:\/\/www.sopha-sahara.com\/en\/wp-json\/wp\/v2\/product\/23692"}],"collection":[{"href":"https:\/\/www.sopha-sahara.com\/en\/wp-json\/wp\/v2\/product"}],"about":[{"href":"https:\/\/www.sopha-sahara.com\/en\/wp-json\/wp\/v2\/types\/product"}],"wp:featuredmedia":[{"embeddable":true,"href":"https:\/\/www.sopha-sahara.com\/en\/wp-json\/wp\/v2\/media\/23858"}],"wp:attachment":[{"href":"https:\/\/www.sopha-sahara.com\/en\/wp-json\/wp\/v2\/media?parent=23692"}],"wp:term":[{"taxonomy":"product_cat","embeddable":true,"href":"https:\/\/www.sopha-sahara.com\/en\/wp-json\/wp\/v2\/product_cat?post=23692"},{"taxonomy":"product_tag","embeddable":true,"href":"https:\/\/www.sopha-sahara.com\/en\/wp-json\/wp\/v2\/product_tag?post=23692"}],"curies":[{"name":"wp","href":"https:\/\/api.w.org\/{rel}","templated":true}]}}