{"id":23691,"date":"2020-12-15T12:25:00","date_gmt":"2020-12-15T11:25:00","guid":{"rendered":"https:\/\/www.interbusinesschamber.com\/produit\/vichy-dercos-mineral-doux-shampooing-doux-fortifiant-tous-types-de-cheveux-usage-frequent-200-ml\/"},"modified":"2020-12-30T11:51:19","modified_gmt":"2020-12-30T10:51:19","slug":"vichy-dercos-mineral-doux-shampooing-doux-fortifiant-tous-types-de-cheveux-usage-frequent-200-ml","status":"publish","type":"product","link":"https:\/\/www.sopha-sahara.com\/en\/product\/vichy-dercos-mineral-doux-shampooing-doux-fortifiant-tous-types-de-cheveux-usage-frequent-200-ml\/","title":{"rendered":"VICHY DERCOS MINERAL DOUX SHAMPOOING DOUX FORTIFIANT TOUS TYPES DE CHEVEUX USAGE FR\u00c9QUENT 200 ML"},"content":{"rendered":"","protected":false},"excerpt":{"rendered":"<p>Le 1er shampoing doux fortifiant enrichi en Eau Thermale de Vichy aux min\u00e9raux rares:<br \/>&#8211; Le Fer, oxyg\u00e9n\u00e9 celullaire,<br \/>&#8211; Le Magn\u00e9sium, stimulant de la r\u00e9g\u00e9n\u00e9ration cellulaire,<br \/>&#8211; Le Mangan\u00e8se, anti-oxydant,<br \/>&#8211; Le Silicium, r\u00e9g\u00e9n\u00e9rant tissulaire,<br \/>&#8211; Et le Calcium, protecteur tissulaire.<br \/>Lave vos cheveux avec le grand respect et le lavage apr\u00e8s lavage.<br \/>Force et douceur sont r\u00e9concili\u00e9es.<\/p>\n<p>Appliquez sur cheveux mouill\u00e9s, massez doucement le cuir chevelu, laissez poser 1 minute, puis rincez.<\/p>","protected":false},"featured_media":23813,"template":"","meta":{"arc_restricted_post":false},"product_cat":[48,334],"product_tag":[],"_links":{"self":[{"href":"https:\/\/www.sopha-sahara.com\/en\/wp-json\/wp\/v2\/product\/23691"}],"collection":[{"href":"https:\/\/www.sopha-sahara.com\/en\/wp-json\/wp\/v2\/product"}],"about":[{"href":"https:\/\/www.sopha-sahara.com\/en\/wp-json\/wp\/v2\/types\/product"}],"wp:featuredmedia":[{"embeddable":true,"href":"https:\/\/www.sopha-sahara.com\/en\/wp-json\/wp\/v2\/media\/23813"}],"wp:attachment":[{"href":"https:\/\/www.sopha-sahara.com\/en\/wp-json\/wp\/v2\/media?parent=23691"}],"wp:term":[{"taxonomy":"product_cat","embeddable":true,"href":"https:\/\/www.sopha-sahara.com\/en\/wp-json\/wp\/v2\/product_cat?post=23691"},{"taxonomy":"product_tag","embeddable":true,"href":"https:\/\/www.sopha-sahara.com\/en\/wp-json\/wp\/v2\/product_tag?post=23691"}],"curies":[{"name":"wp","href":"https:\/\/api.w.org\/{rel}","templated":true}]}}