{"id":23690,"date":"2020-12-15T12:25:00","date_gmt":"2020-12-15T11:25:00","guid":{"rendered":"https:\/\/www.interbusinesschamber.com\/produit\/vichy-ideal-white-serum-eclaircissant-serum\/"},"modified":"2020-12-30T12:45:56","modified_gmt":"2020-12-30T11:45:56","slug":"vichy-ideal-white-serum-eclaircissant-serum","status":"publish","type":"product","link":"https:\/\/www.sopha-sahara.com\/en\/product\/vichy-ideal-white-serum-eclaircissant-serum\/","title":{"rendered":"VICHY IDEAL WHITE S\u00c9RUM \u00c9CLAIRCISSANT &#8211; S\u00c9RUM"},"content":{"rendered":"","protected":false},"excerpt":{"rendered":"<p>Apr\u00e8s 12 ans de recherche et 6 brevets, Vichy pr\u00e9sente une technologie d&rsquo;\u00e9claircissement exclusive contenant Phe-r\u00e9sorcinol, un ingr\u00e9dient 10 fois plus puissant sur la pigmentation*.<br \/>Ce s\u00e9rum \u00e9claircissant va instantan\u00e9ment et sur le long terme corriger 5 probl\u00e8mes de pigmentation :<br \/>&#8211; R\u00e9duire les taches sombres.<br \/>&#8211; Unifier le teint<br \/>-Stimuler un \u00e9clat ros\u00e9<br \/>&#8211; Eclairer la peau de l&rsquo;int\u00e9rieur.<br \/>&#8211; Adoucir la texture de la peau et l\u2019hydrater pendant 24 heures.<br \/>Apr\u00e8s 2 semaines d\u2019utilisation, le produit reste efficace sur les taches sombres<br \/>* Cet ingr\u00e9dient dermatologique r\u00e9f\u00e9rent. ** Apr\u00e8s 8 semaines d&rsquo;utilisation Contre T0.<\/p>\n<p>Appliquer chaque matin et \/ ou soir avec votre routine de soin d&rsquo;\u00e9claircissement de la peau. \u00c9viter le contour des yeux. Associer avec un soin de la peau ou un Spf 15 chaque matin.<\/p>","protected":false},"featured_media":23861,"template":"","meta":{"arc_restricted_post":false},"product_cat":[48,334],"product_tag":[],"_links":{"self":[{"href":"https:\/\/www.sopha-sahara.com\/en\/wp-json\/wp\/v2\/product\/23690"}],"collection":[{"href":"https:\/\/www.sopha-sahara.com\/en\/wp-json\/wp\/v2\/product"}],"about":[{"href":"https:\/\/www.sopha-sahara.com\/en\/wp-json\/wp\/v2\/types\/product"}],"wp:featuredmedia":[{"embeddable":true,"href":"https:\/\/www.sopha-sahara.com\/en\/wp-json\/wp\/v2\/media\/23861"}],"wp:attachment":[{"href":"https:\/\/www.sopha-sahara.com\/en\/wp-json\/wp\/v2\/media?parent=23690"}],"wp:term":[{"taxonomy":"product_cat","embeddable":true,"href":"https:\/\/www.sopha-sahara.com\/en\/wp-json\/wp\/v2\/product_cat?post=23690"},{"taxonomy":"product_tag","embeddable":true,"href":"https:\/\/www.sopha-sahara.com\/en\/wp-json\/wp\/v2\/product_tag?post=23690"}],"curies":[{"name":"wp","href":"https:\/\/api.w.org\/{rel}","templated":true}]}}