{"id":23689,"date":"2020-12-15T12:25:00","date_gmt":"2020-12-15T11:25:00","guid":{"rendered":"https:\/\/www.interbusinesschamber.com\/produit\/vichy-masque-peel-double-eclat-2-x-6ml\/"},"modified":"2020-12-30T12:55:32","modified_gmt":"2020-12-30T11:55:32","slug":"vichy-masque-peel-double-eclat-2-x-6ml","status":"publish","type":"product","link":"https:\/\/www.sopha-sahara.com\/en\/product\/vichy-masque-peel-double-eclat-2-x-6ml\/","title":{"rendered":"VICHY MASQUE PEEL DOUBLE ECLAT 2 X 6ML"},"content":{"rendered":"<h4>Conseils d'utilisation :\u00a0<\/h4>\n<p>Appliquez une fine couche sur la peau. Laissez agir 5 minutes, puis rincez \u00e0 l'eau. Utiliser 1 \u00e0 2 fois par semaine. Eviter le contour des yeux. En cas de contact, rincer.<\/p>\n<h4>Composition :\u00a0<\/h4>\n<p>Aqua, Alcohol Denat, Dimethicone, Hydroxyethylpiperazine Ethane Sulfonic Acid, CI 14700 (Red 4), CI 47005 (Acid Yellow3), Carbomer, Vaccinum Myrtillus Fruit Extract, Saccharum Officinarum Extract\/Sugar Cane Extract, Pumice, Sodium Hydroxide, Phenoxyethanol, Mannose, Ascorbyl Glucoside, Disodium Edta, Caprylyl Glycol, Citrus Aurantium Dulcis Fruit (Lemon Fruit Extract), Acer Saccharum Extract (Sugar Maple Extract), Xanthan Gum, Parfum (Fragrance).<\/p>\n<h4>Conditionnement :\u00a0<\/h4>\n<p>2 X 6 ml.<\/p>","protected":false},"excerpt":{"rendered":"<p>Vichy Masque Peel Double Eclat\u00a0vous permet d&rsquo;exfolier la peau en douceur tout en profitant d&rsquo;une texture gel d&rsquo;eau aux notes fruit\u00e9es. Il permet ainsi d&rsquo;affiner la peau et d&rsquo;affiner le grain de peau gr\u00e2ce \u00e0 sa formule aux pierres volcaniques, aux AHA et \u00e0 l&rsquo;eau thermale de vichy aux propri\u00e9t\u00e9s min\u00e9ralisantes.Voyez votre teint illumin\u00e9, votre grain de peau liss\u00e9 pour un teint homog\u00e8ne et \u00e9clatant en b\u00e9n\u00e9ficiant d&rsquo;une peau souple.\u00a0<\/p>\n<h4>Indications :\u00a0<\/h4>\n<p>Masque double \u00e9clat pour exfolier la peau.<\/p>","protected":false},"featured_media":23872,"template":"","meta":{"arc_restricted_post":false},"product_cat":[48,334],"product_tag":[],"_links":{"self":[{"href":"https:\/\/www.sopha-sahara.com\/en\/wp-json\/wp\/v2\/product\/23689"}],"collection":[{"href":"https:\/\/www.sopha-sahara.com\/en\/wp-json\/wp\/v2\/product"}],"about":[{"href":"https:\/\/www.sopha-sahara.com\/en\/wp-json\/wp\/v2\/types\/product"}],"wp:featuredmedia":[{"embeddable":true,"href":"https:\/\/www.sopha-sahara.com\/en\/wp-json\/wp\/v2\/media\/23872"}],"wp:attachment":[{"href":"https:\/\/www.sopha-sahara.com\/en\/wp-json\/wp\/v2\/media?parent=23689"}],"wp:term":[{"taxonomy":"product_cat","embeddable":true,"href":"https:\/\/www.sopha-sahara.com\/en\/wp-json\/wp\/v2\/product_cat?post=23689"},{"taxonomy":"product_tag","embeddable":true,"href":"https:\/\/www.sopha-sahara.com\/en\/wp-json\/wp\/v2\/product_tag?post=23689"}],"curies":[{"name":"wp","href":"https:\/\/api.w.org\/{rel}","templated":true}]}}