{"id":23688,"date":"2020-12-15T12:25:00","date_gmt":"2020-12-15T11:25:00","guid":{"rendered":"https:\/\/www.interbusinesschamber.com\/produit\/vichy-masque-mineral-desalterant-2-x-6ml\/"},"modified":"2020-12-30T12:54:31","modified_gmt":"2020-12-30T11:54:31","slug":"vichy-masque-mineral-desalterant-2-x-6ml","status":"publish","type":"product","link":"https:\/\/www.sopha-sahara.com\/en\/product\/vichy-masque-mineral-desalterant-2-x-6ml\/","title":{"rendered":"VICHY MASQUE MIN\u00c9RAL D\u00c9SALT\u00c9RANT 2 X 6ML"},"content":{"rendered":"<h4>Conseils d'utilisation :\u00a0<\/h4>\n<p>Appliquer une fine couche. Laisser agir 5 minutes et masser l'exc\u00e9dent. Utiliser 1 \u00e0 3 fois par semaine. Eviter le contour des yeux et des l\u00e8vres. En cas de contact, rincer imm\u00e9diatement et abondamment.\u00a0<\/p>","protected":false},"excerpt":{"rendered":"<p>Vichy Masque Min\u00e9ral D\u00e9salt\u00e9rant\u00a0est un gel vous permettant d&rsquo;hydrater, rafra\u00eechir et renforcer la peau. En effet, sa formule aux 15 min\u00e9raux s&rsquo;allie \u00e0 la vitamine B3 et \u00e0 l&rsquo;eau thermale de Vichy aux propri\u00e9t\u00e9s min\u00e9ralisantes pour repulper la peau. B\u00e9n\u00e9ficiez ainsi d&rsquo;un teint plus frais et lumineux, et d&rsquo;une peau r\u00e9g\u00e9n\u00e9r\u00e9e, fortifi\u00e9e et plus \u00e9quilibr\u00e9e.<\/p>\n<h4>Indications :\u00a0<\/h4>\n<p>Masque min\u00e9ral d\u00e9salt\u00e9rant.<\/p>","protected":false},"featured_media":23871,"template":"","meta":{"arc_restricted_post":false},"product_cat":[48,334],"product_tag":[],"_links":{"self":[{"href":"https:\/\/www.sopha-sahara.com\/en\/wp-json\/wp\/v2\/product\/23688"}],"collection":[{"href":"https:\/\/www.sopha-sahara.com\/en\/wp-json\/wp\/v2\/product"}],"about":[{"href":"https:\/\/www.sopha-sahara.com\/en\/wp-json\/wp\/v2\/types\/product"}],"wp:featuredmedia":[{"embeddable":true,"href":"https:\/\/www.sopha-sahara.com\/en\/wp-json\/wp\/v2\/media\/23871"}],"wp:attachment":[{"href":"https:\/\/www.sopha-sahara.com\/en\/wp-json\/wp\/v2\/media?parent=23688"}],"wp:term":[{"taxonomy":"product_cat","embeddable":true,"href":"https:\/\/www.sopha-sahara.com\/en\/wp-json\/wp\/v2\/product_cat?post=23688"},{"taxonomy":"product_tag","embeddable":true,"href":"https:\/\/www.sopha-sahara.com\/en\/wp-json\/wp\/v2\/product_tag?post=23688"}],"curies":[{"name":"wp","href":"https:\/\/api.w.org\/{rel}","templated":true}]}}