{"id":23687,"date":"2020-12-15T12:25:00","date_gmt":"2020-12-15T11:25:00","guid":{"rendered":"https:\/\/www.interbusinesschamber.com\/produit\/vichy-masque-argile-purifiant-pores-2-x-6ml\/"},"modified":"2020-12-30T12:50:52","modified_gmt":"2020-12-30T11:50:52","slug":"vichy-masque-argile-purifiant-pores-2-x-6ml","status":"publish","type":"product","link":"https:\/\/www.sopha-sahara.com\/en\/product\/vichy-masque-argile-purifiant-pores-2-x-6ml\/","title":{"rendered":"VICHY MASQUE ARGILE PURIFIANT PORES 2 X 6ML"},"content":{"rendered":"<h4>Conseils d'utilisation :\u00a0<\/h4>\n<p>Appliquer une fine couche et laisser agir 3 \u00e0 5 minutes puis rincer \u00e0 l'eau.Appliquer une \u00e0 deux fois par semaine.<\/p>","protected":false},"excerpt":{"rendered":"<p>Vichy Masque Argile Purifiant Pores vous permet de purifier votre peau en b\u00e9n\u00e9ficiant d&rsquo;un gel \u00e0 la texture cr\u00e8me fluide. Le masque permet de r\u00e9duire l&rsquo;exc\u00e8s de s\u00e9bum et de purifier les pores de la peau. Sa formule comprend 2 argiles min\u00e9rales aux propri\u00e9t\u00e9s absorbantes ainsi que de l&rsquo;aloe vera aux propri\u00e9t\u00e9s hydratantes et de l&rsquo;eau thermale Vichy aux propri\u00e9t\u00e9s min\u00e9ralisantes.\u00a0Retrouvez un peau nette, matifi\u00e9e et douce au bout de quelques applications.<\/p>\n<h4>Indications :\u00a0<\/h4>\n<p>Masque argile purifiant les pores.<\/p>","protected":false},"featured_media":23870,"template":"","meta":{"arc_restricted_post":false},"product_cat":[48,334],"product_tag":[],"_links":{"self":[{"href":"https:\/\/www.sopha-sahara.com\/en\/wp-json\/wp\/v2\/product\/23687"}],"collection":[{"href":"https:\/\/www.sopha-sahara.com\/en\/wp-json\/wp\/v2\/product"}],"about":[{"href":"https:\/\/www.sopha-sahara.com\/en\/wp-json\/wp\/v2\/types\/product"}],"wp:featuredmedia":[{"embeddable":true,"href":"https:\/\/www.sopha-sahara.com\/en\/wp-json\/wp\/v2\/media\/23870"}],"wp:attachment":[{"href":"https:\/\/www.sopha-sahara.com\/en\/wp-json\/wp\/v2\/media?parent=23687"}],"wp:term":[{"taxonomy":"product_cat","embeddable":true,"href":"https:\/\/www.sopha-sahara.com\/en\/wp-json\/wp\/v2\/product_cat?post=23687"},{"taxonomy":"product_tag","embeddable":true,"href":"https:\/\/www.sopha-sahara.com\/en\/wp-json\/wp\/v2\/product_tag?post=23687"}],"curies":[{"name":"wp","href":"https:\/\/api.w.org\/{rel}","templated":true}]}}