{"id":23686,"date":"2020-12-15T12:25:00","date_gmt":"2020-12-15T11:25:00","guid":{"rendered":"https:\/\/www.interbusinesschamber.com\/produit\/ichy-dercos-densi-solutions-baume-epaisseur-regenerant-150ml\/"},"modified":"2020-12-30T11:45:03","modified_gmt":"2020-12-30T10:45:03","slug":"ichy-dercos-densi-solutions-baume-epaisseur-regenerant-150ml","status":"publish","type":"product","link":"https:\/\/www.sopha-sahara.com\/en\/product\/ichy-dercos-densi-solutions-baume-epaisseur-regenerant-150ml\/","title":{"rendered":"VICHY DERCOS DENSI SOLUTIONS BAUME \u00c9PAISSEUR R\u00c9G\u00c9N\u00c9RANT 150ML"},"content":{"rendered":"<div id=\"page\" class=\"container_9 clearfix\">\n<div id=\"columns\" class=\"grid_9 alpha omega clearfix\">\n<div id=\"center_column\">\n<div id=\"category_produit\">\n<div id=\"more_info_block\" class=\"clear\">\n<div id=\"more_info_sheets\" class=\"sheets align_justify\">\n<div id=\"idTab1\" class=\"rte\">\n<div><strong>CONSEILS D'UTILISATION :<\/strong><\/div>\n<div>Appliquez sur cheveux mouill\u00e9s jusqu\u2019aux pointes, laissez poser une minute et rincez abondamment. En cas de contact avec les yeux, rincer imm\u00e9diatement et abondamment.<\/div>\n<\/div>\n<\/div>\n<\/div>\n<\/div>\n<\/div>\n<div id=\"right_column\" class=\"column grid_2 omega\">\u00a0<\/div>\n<\/div>\n<\/div>\n<div id=\"footer\" class=\"grid_9 alpha omega clearfix\">\n<div id=\"sous_footer\">\n<div id=\"block_various_links_footer\" class=\"block_various_links\">\u00a0<\/div>\n<\/div>\n<\/div>","protected":false},"excerpt":{"rendered":"<div>Ce baume \u00e9paisseur\u00a0 apr\u00e8s-shampooing purifie le cuir chevelu et agit sur les longueurs pour augmenter le volume et retrouver une chevelure plus forte, plus \u00e9paisse, comme r\u00e9g\u00e9n\u00e9r\u00e9e.\u00a0<\/div>\n<div>Pour les femmes concern\u00e9es par la perte de masse capillaire. Cette perte est identifiable par une diminution de la r\u00e9sistance capillaire, une diminution de l\u2019\u00e9paisseur de la fibre capillaire , et par une diminution de la quantit\u00e9 de cheveux.<\/div>\n<div>\u00a0<\/div>","protected":false},"featured_media":24650,"template":"","meta":{"arc_restricted_post":false},"product_cat":[48,334],"product_tag":[],"_links":{"self":[{"href":"https:\/\/www.sopha-sahara.com\/en\/wp-json\/wp\/v2\/product\/23686"}],"collection":[{"href":"https:\/\/www.sopha-sahara.com\/en\/wp-json\/wp\/v2\/product"}],"about":[{"href":"https:\/\/www.sopha-sahara.com\/en\/wp-json\/wp\/v2\/types\/product"}],"wp:featuredmedia":[{"embeddable":true,"href":"https:\/\/www.sopha-sahara.com\/en\/wp-json\/wp\/v2\/media\/24650"}],"wp:attachment":[{"href":"https:\/\/www.sopha-sahara.com\/en\/wp-json\/wp\/v2\/media?parent=23686"}],"wp:term":[{"taxonomy":"product_cat","embeddable":true,"href":"https:\/\/www.sopha-sahara.com\/en\/wp-json\/wp\/v2\/product_cat?post=23686"},{"taxonomy":"product_tag","embeddable":true,"href":"https:\/\/www.sopha-sahara.com\/en\/wp-json\/wp\/v2\/product_tag?post=23686"}],"curies":[{"name":"wp","href":"https:\/\/api.w.org\/{rel}","templated":true}]}}