{"id":23685,"date":"2020-12-15T12:24:59","date_gmt":"2020-12-15T11:24:59","guid":{"rendered":"https:\/\/www.interbusinesschamber.com\/produit\/vichy-liftactiv-yeux-supreme-soin-anti-rides-et-fermete-pour-contour-des-yeux-15-ml\/"},"modified":"2020-12-30T12:52:00","modified_gmt":"2020-12-30T11:52:00","slug":"vichy-liftactiv-yeux-supreme-soin-anti-rides-et-fermete-pour-contour-des-yeux-15-ml","status":"publish","type":"product","link":"https:\/\/www.sopha-sahara.com\/en\/product\/vichy-liftactiv-yeux-supreme-soin-anti-rides-et-fermete-pour-contour-des-yeux-15-ml\/","title":{"rendered":"VICHY LIFTACTIV YEUX SUPREME SOIN ANTI-RIDES ET FERMET\u00c9 POUR CONTOUR DES YEUX 15 ML"},"content":{"rendered":"<h4>R\u00e9sultats:\u00a0<\/h4>\n<ol>\n<li style=\"list-style-type: none;\">\n<ol>\n<li style=\"list-style-type: none;\">\n<ol>\n<li>Rides liss\u00e9es : 68%*<\/li>\n<li>Paupi\u00e8res lift\u00e9es: 80%*<\/li>\n<li>\u00a0Cernes att\u00e9nu\u00e9s: 82%*<\/li>\n<li>Poches r\u00e9duites : 76%*<\/li>\n<\/ol>\n<\/li>\n<\/ol>\n<\/li>\n<\/ol>\n<p><small>*Auto-\u00e9valuation, sous contr\u00f4le dermatologique et ophtalmologique, sur 50 femmes, ag\u00e9es de 40 \u00e0 60 ans, apr\u00e8s 2 mois d'utilisation.<\/small><\/p>\n<h4>L'engagement Vichy<\/h4>\n<ul>\n<li style=\"list-style-type: none;\">\n<ul>\n<li>Test\u00e9 sur peaux sensibles sous contr\u00f4le dermatologique.<\/li>\n<li>Hypoallerg\u00e9nique<\/li>\n<li>\u00c0 l'Eau Thermale de Vichy, apaisante et fortifiante<\/li>\n<li>Sans paraben<\/li>\n<\/ul>\n<\/li>\n<\/ul>","protected":false},"excerpt":{"rendered":"<p>Pour la 1\u00e8re fois, Vichy combine une selection unique de 3 puissants actifs, pour une correction 360\u00b0 autour des yeux:\u00a0<\/p>\n<ul>\n<li style=\"list-style-type: none;\">\n<ul>\n<li><strong>Rhamnose:<\/strong>un puissant actif anti-\u00e2ge et apaisant, pour une r\u00e9g\u00e9n\u00e9ration compl\u00e8te de la peau.<\/li>\n<li><strong>Caf\u00e9ine:<\/strong>ingr\u00e9dient anti-cernes qui favorise la microcirculation.<\/li>\n<li><strong>Escine:<\/strong>\u00a0ingr\u00e9dient anti-gonflement qui d\u00e9congestionne et apaise. Pour un regard visiblement lift\u00e9 et plus lumineux.\n<\/li>\n<\/ul>\n<\/li>\n<\/ul>\n<h4>Efficacit\u00e9 prouv\u00e9e sous contr\u00f4le dermatologique:<\/h4>\n<ul>\n<li style=\"list-style-type: none;\">\n<ul>Ce soin a \u00e9t\u00e9 sp\u00e9cialement formul\u00e9 avec une texture active d&rsquo;un tr\u00e8s grande douceur et un toucher frais, adapt\u00e9 \u00e0 une application en contours des yeux.\u00a0<\/ul>\n<\/li>\n<\/ul>\n<p>&nbsp;<\/p>","protected":false},"featured_media":23869,"template":"","meta":{"arc_restricted_post":false},"product_cat":[48,334],"product_tag":[],"_links":{"self":[{"href":"https:\/\/www.sopha-sahara.com\/en\/wp-json\/wp\/v2\/product\/23685"}],"collection":[{"href":"https:\/\/www.sopha-sahara.com\/en\/wp-json\/wp\/v2\/product"}],"about":[{"href":"https:\/\/www.sopha-sahara.com\/en\/wp-json\/wp\/v2\/types\/product"}],"wp:featuredmedia":[{"embeddable":true,"href":"https:\/\/www.sopha-sahara.com\/en\/wp-json\/wp\/v2\/media\/23869"}],"wp:attachment":[{"href":"https:\/\/www.sopha-sahara.com\/en\/wp-json\/wp\/v2\/media?parent=23685"}],"wp:term":[{"taxonomy":"product_cat","embeddable":true,"href":"https:\/\/www.sopha-sahara.com\/en\/wp-json\/wp\/v2\/product_cat?post=23685"},{"taxonomy":"product_tag","embeddable":true,"href":"https:\/\/www.sopha-sahara.com\/en\/wp-json\/wp\/v2\/product_tag?post=23685"}],"curies":[{"name":"wp","href":"https:\/\/api.w.org\/{rel}","templated":true}]}}