{"id":23546,"date":"2020-12-15T10:56:54","date_gmt":"2020-12-15T09:56:54","guid":{"rendered":"https:\/\/www.interbusinesschamber.com\/produit\/uriage-bariederm-fissures-et-crevasses-40g-soin-reparateur\/"},"modified":"2020-12-30T09:32:08","modified_gmt":"2020-12-30T08:32:08","slug":"uriage-bariederm-fissures-et-crevasses-40g-soin-reparateur","status":"publish","type":"product","link":"https:\/\/www.sopha-sahara.com\/en\/product\/uriage-bariederm-fissures-et-crevasses-40g-soin-reparateur\/","title":{"rendered":"URIAGE BARIEDERM FISSURES ET CREVASSES 40G SOIN R\u00c9PARATEUR"},"content":{"rendered":"<p><span class=\"H4_titrecourant\"><strong>Indications<\/strong>\u00a0:<\/span><br \/>Fissure ou crevasse (pieds, mains, genoux, coudes, nez*,...), r\u00e9cente ou ancienne, avec ou sans rugosit\u00e9.<\/p>\n<p><span class=\"H4_titrecourant\"><strong>Formule<\/strong>\u00a0:<\/span><br \/>Sans parfum, sans conservateur.<br \/>Poly-2p, D-panth\u00e9nol, beurre de karit\u00e9, st\u00e9rols v\u00e9g\u00e9taux<\/p>","protected":false},"excerpt":{"rendered":"<p>Onguent<br \/>Soin isolant, r\u00e9parateur et assouplissant.<br \/>Pot 40g avec spatule<br \/>Efficacit\u00e9 sur 100 % des cas** dont 72.7 % de gu\u00e9rison totale et am\u00e9lioration marqu\u00e9e.<br \/>La composition et la texture unique, souple te compacte am\u00e9liorent rapidement et visiblement la structure de l&rsquo;\u00e9piderme.<br \/>La peau abim\u00e9e devient plus souple imm\u00e9diatement, plus confortable durablement et prot\u00e9g\u00e9e du dess\u00e8chement.<\/p>","protected":false},"featured_media":23563,"template":"","meta":{"arc_restricted_post":false},"product_cat":[48,333],"product_tag":[],"_links":{"self":[{"href":"https:\/\/www.sopha-sahara.com\/en\/wp-json\/wp\/v2\/product\/23546"}],"collection":[{"href":"https:\/\/www.sopha-sahara.com\/en\/wp-json\/wp\/v2\/product"}],"about":[{"href":"https:\/\/www.sopha-sahara.com\/en\/wp-json\/wp\/v2\/types\/product"}],"wp:featuredmedia":[{"embeddable":true,"href":"https:\/\/www.sopha-sahara.com\/en\/wp-json\/wp\/v2\/media\/23563"}],"wp:attachment":[{"href":"https:\/\/www.sopha-sahara.com\/en\/wp-json\/wp\/v2\/media?parent=23546"}],"wp:term":[{"taxonomy":"product_cat","embeddable":true,"href":"https:\/\/www.sopha-sahara.com\/en\/wp-json\/wp\/v2\/product_cat?post=23546"},{"taxonomy":"product_tag","embeddable":true,"href":"https:\/\/www.sopha-sahara.com\/en\/wp-json\/wp\/v2\/product_tag?post=23546"}],"curies":[{"name":"wp","href":"https:\/\/api.w.org\/{rel}","templated":true}]}}