{"id":23545,"date":"2020-12-15T10:56:53","date_gmt":"2020-12-15T09:56:53","guid":{"rendered":"https:\/\/www.interbusinesschamber.com\/produit\/uriage-stick-levres-4g-repare-nourrit-protege\/"},"modified":"2020-12-30T11:15:49","modified_gmt":"2020-12-30T10:15:49","slug":"uriage-stick-levres-4g-repare-nourrit-protege","status":"publish","type":"product","link":"https:\/\/www.sopha-sahara.com\/en\/product\/uriage-stick-levres-4g-repare-nourrit-protege\/","title":{"rendered":"URIAGE STICK LEVRES 4G R\u00c9PARE &#8211; NOURRIT &#8211; PROT\u00c8GE"},"content":{"rendered":"<p><strong>Atouts :<\/strong><br \/>* Stick longue dur\u00e9e.<br \/>* Ne casse pas.<br \/>* Ne fond pas.<\/p>\n<p><strong>Indications :<\/strong><br \/>L\u00e8vres ab\u00eem\u00e9es, gerc\u00e9es et dess\u00e9ch\u00e9es.<\/p>\n<p><strong>Formule :<\/strong><br \/>Composition : Huile de Bourrache - Beurre de Karit\u00e9 - Vitamines C et E.<br \/>Haute tol\u00e9rance : Hypoallerg\u00e9nique.<\/p>\n<p><strong>Conseils d'utilisation :<\/strong><br \/>Appliquer aussi souvent que n\u00e9cessaire.<\/p>","protected":false},"excerpt":{"rendered":"<p>Stick r\u00e9parateur et restructurant, il nourrit les l\u00e8vres, les prot\u00e8ge des agressions quotidiennes (radicaux libres&#8230;) et les apaise.<\/p>","protected":false},"featured_media":23661,"template":"","meta":{"arc_restricted_post":false},"product_cat":[48,333],"product_tag":[],"_links":{"self":[{"href":"https:\/\/www.sopha-sahara.com\/en\/wp-json\/wp\/v2\/product\/23545"}],"collection":[{"href":"https:\/\/www.sopha-sahara.com\/en\/wp-json\/wp\/v2\/product"}],"about":[{"href":"https:\/\/www.sopha-sahara.com\/en\/wp-json\/wp\/v2\/types\/product"}],"wp:featuredmedia":[{"embeddable":true,"href":"https:\/\/www.sopha-sahara.com\/en\/wp-json\/wp\/v2\/media\/23661"}],"wp:attachment":[{"href":"https:\/\/www.sopha-sahara.com\/en\/wp-json\/wp\/v2\/media?parent=23545"}],"wp:term":[{"taxonomy":"product_cat","embeddable":true,"href":"https:\/\/www.sopha-sahara.com\/en\/wp-json\/wp\/v2\/product_cat?post=23545"},{"taxonomy":"product_tag","embeddable":true,"href":"https:\/\/www.sopha-sahara.com\/en\/wp-json\/wp\/v2\/product_tag?post=23545"}],"curies":[{"name":"wp","href":"https:\/\/api.w.org\/{rel}","templated":true}]}}