{"id":23543,"date":"2020-12-15T10:56:50","date_gmt":"2020-12-15T09:56:50","guid":{"rendered":"https:\/\/www.interbusinesschamber.com\/produit\/uriage-creme-lavante-200ml-surgras-moussant-sans-savon\/"},"modified":"2020-12-30T09:58:49","modified_gmt":"2020-12-30T08:58:49","slug":"uriage-creme-lavante-200ml-surgras-moussant-sans-savon","status":"publish","type":"product","link":"https:\/\/www.sopha-sahara.com\/en\/product\/uriage-creme-lavante-200ml-surgras-moussant-sans-savon\/","title":{"rendered":"URIAGE CREME LAVANTE 200ML SURGRAS MOUSSANT SANS SAVON"},"content":{"rendered":"<p><strong>Atouts :<\/strong><br \/>Soin 2 en 1 : nettoyant et nourrissant.<br \/>1\/3 de lait nourissant.<br \/>Base lavante sans savon.<br \/>Id\u00e9al pour toute la famille.<br \/>Test\u00e9 ophtalmologiquement.<br \/>Parfum frais et d\u00e9licat.<\/p>\n<p>&nbsp;<\/p>\n<p><strong>Composition :<\/strong><\/p>\n<p>Eau Thermale d\u2019Uriage - Base lavante douce sans savon - Glyc\u00e9rine - Extrait d\u2019Illip\u00e9 - Actifs hydratants et surgraissants.<br \/>Sans paraben - Sans savon.<br \/>Haute tol\u00e9rance : Hypoallerg\u00e9nique - Test\u00e9 ophtalmologiquement.<\/p>\n<div>\u00a0<\/div>\n<p><strong>Conseils d'utilisation :<\/strong><br \/>Bien faire mousser sur une peau mouill\u00e9e et rincer.<br \/>Usage quotidien.<\/p>","protected":false},"excerpt":{"rendered":"<p>Surgras liquide contenant 1\/3 de lait nourrissant, la Cr\u00e8me Lavante est un soin 2 en 1 : nettoyant et nourrissant en un seul geste. Il pr\u00e9serve le film hydrolipidique, respecte parfaitement l\u2019\u00e9quilibre cutan\u00e9 et compense les effets dess\u00e9chants de l\u2019eau calcaire.<\/p>\n<p>Tr\u00e8s agr\u00e9ablement parfum\u00e9e et d\u00e9veloppant une mousse fine et onctueuse facile \u00e0 rincer, la Cr\u00e8me Lavante laisse la peau parfaitement propre, douce et hydrat\u00e9e.\u00a0<\/p>","protected":false},"featured_media":23588,"template":"","meta":{"arc_restricted_post":false},"product_cat":[48,333],"product_tag":[],"_links":{"self":[{"href":"https:\/\/www.sopha-sahara.com\/en\/wp-json\/wp\/v2\/product\/23543"}],"collection":[{"href":"https:\/\/www.sopha-sahara.com\/en\/wp-json\/wp\/v2\/product"}],"about":[{"href":"https:\/\/www.sopha-sahara.com\/en\/wp-json\/wp\/v2\/types\/product"}],"wp:featuredmedia":[{"embeddable":true,"href":"https:\/\/www.sopha-sahara.com\/en\/wp-json\/wp\/v2\/media\/23588"}],"wp:attachment":[{"href":"https:\/\/www.sopha-sahara.com\/en\/wp-json\/wp\/v2\/media?parent=23543"}],"wp:term":[{"taxonomy":"product_cat","embeddable":true,"href":"https:\/\/www.sopha-sahara.com\/en\/wp-json\/wp\/v2\/product_cat?post=23543"},{"taxonomy":"product_tag","embeddable":true,"href":"https:\/\/www.sopha-sahara.com\/en\/wp-json\/wp\/v2\/product_tag?post=23543"}],"curies":[{"name":"wp","href":"https:\/\/api.w.org\/{rel}","templated":true}]}}