{"id":23542,"date":"2020-12-15T10:56:49","date_gmt":"2020-12-15T09:56:49","guid":{"rendered":"https:\/\/www.interbusinesschamber.com\/produit\/uriage-restructurant-40ml-apaise-et-reduit-la-secheresse-cutanee\/"},"modified":"2020-12-30T11:07:13","modified_gmt":"2020-12-30T10:07:13","slug":"uriage-restructurant-40ml-apaise-et-reduit-la-secheresse-cutanee","status":"publish","type":"product","link":"https:\/\/www.sopha-sahara.com\/en\/product\/uriage-restructurant-40ml-apaise-et-reduit-la-secheresse-cutanee\/","title":{"rendered":"URIAGE RESTRUCTURANT 40ML APAISE ET R\u00c9DUIT LA S\u00c9CHERESSE CUTAN\u00c9E"},"content":{"rendered":"<p>&nbsp;<\/p>\n<p><strong>Avantage :<\/strong>\u00a0<br \/>Emulsion l\u00e9g\u00e8re, oil-free.\u00a0<br \/>Hydratation assur\u00e9e 8 h.\u00a0<br \/>P\u00e9n\u00e9tration rapide, sans brillance.\u00a0<br \/>Excellent base et tenue du maquillage.\u00a0<\/p>\n<p>Peaux grasses irrit\u00e9es et destructur\u00e9es.<\/p>","protected":false},"excerpt":{"rendered":"<p>Uriage Hyseac soin Restructurant Apaisant est l&rsquo;alli\u00e9 id\u00e8al des peaux grasses irrit\u00e9e et dessech\u00e9es.\u00a0<br \/>Le Cerasterol 2F, complexe brevet\u00e9, s&rsquo;int\u00e8gre avec une parfaite compatibilit\u00e9 dans la microstruture lamellaire de la barri\u00e8re cutan\u00e9e, pour la reconstruire et la renforcer en respectant sa physiologie naturelle.\u00a0<br \/>Ce soin, enrichi en Eau Thermale d&rsquo;Uriage, naturellement apaisante et hydratante, apporte calme et confort.\u00a0<br \/>L&rsquo;\u00e9piderme retrouve ses fonctions initiales de protection et d&rsquo;hydratation pour un am\u00e9lioration visible de l&rsquo;aspect de la peau.<\/p>","protected":false},"featured_media":23652,"template":"","meta":{"arc_restricted_post":false},"product_cat":[48,333],"product_tag":[],"_links":{"self":[{"href":"https:\/\/www.sopha-sahara.com\/en\/wp-json\/wp\/v2\/product\/23542"}],"collection":[{"href":"https:\/\/www.sopha-sahara.com\/en\/wp-json\/wp\/v2\/product"}],"about":[{"href":"https:\/\/www.sopha-sahara.com\/en\/wp-json\/wp\/v2\/types\/product"}],"wp:featuredmedia":[{"embeddable":true,"href":"https:\/\/www.sopha-sahara.com\/en\/wp-json\/wp\/v2\/media\/23652"}],"wp:attachment":[{"href":"https:\/\/www.sopha-sahara.com\/en\/wp-json\/wp\/v2\/media?parent=23542"}],"wp:term":[{"taxonomy":"product_cat","embeddable":true,"href":"https:\/\/www.sopha-sahara.com\/en\/wp-json\/wp\/v2\/product_cat?post=23542"},{"taxonomy":"product_tag","embeddable":true,"href":"https:\/\/www.sopha-sahara.com\/en\/wp-json\/wp\/v2\/product_tag?post=23542"}],"curies":[{"name":"wp","href":"https:\/\/api.w.org\/{rel}","templated":true}]}}