{"id":23540,"date":"2020-12-15T10:56:47","date_gmt":"2020-12-15T09:56:47","guid":{"rendered":"https:\/\/www.interbusinesschamber.com\/produit\/uriage-xemose-baume-oleo-apaisant-anti-grattage-500-ml\/"},"modified":"2020-12-30T11:20:04","modified_gmt":"2020-12-30T10:20:04","slug":"uriage-xemose-baume-oleo-apaisant-anti-grattage-500-ml","status":"publish","type":"product","link":"https:\/\/www.sopha-sahara.com\/en\/product\/uriage-xemose-baume-oleo-apaisant-anti-grattage-500-ml\/","title":{"rendered":"URIAGE X\u00c9MOSE BAUME OL\u00c9O-APAISANT ANTI-GRATTAGE 500 ML"},"content":{"rendered":"","protected":false},"excerpt":{"rendered":"<p>Uriage X\u00e9mose Baume Ol\u00e9o-Apaisant Anti-Grattage 500 ml est un baume apaisant et nourrissant sp\u00e9cialement formul\u00e9 pour le soin des peaux \u00e0 tendance atopique.\u00a0<\/p>\n<p>Ce baume vient en aide aux peaux \u00e0 tendance atopique victimes de s\u00e9cheresses s\u00e9v\u00e8res. Il contient 3 complexes brevet\u00e9s apaisant imm\u00e9diatement les sensations de d\u00e9mangeaisons et les pics de s\u00e9cheresse. Ce baume est enrichie en huile d&rsquo;Illip\u00e9.\u00a0<\/p>\n<p>Sa texture in\u00e9dite fondante laisse un film protecteur non-gras sur la peau, pour un confort longue dur\u00e9e.<\/p>\n<p>Sa formule permet une utilisation pour toute la famille : nourrissons, b\u00e9b\u00e9s, enfants, adultes (visage et corps).\u00a0<\/p>\n<p>Formul\u00e9 sans parfum. Hypoallerg\u00e9nique.<\/p>\n<div id=\"type_info_prio_6_1\">Appliquer matin et\/ou soir sur une peau propre.<\/div>\n<div><span class=\"bold\">Indication<\/span>\u00a0:\u00a0<span id=\"type_info_prio_6_2_1\">Nourrir et prot\u00e9ger la peau.<\/span><\/div>\n<div>\u00a0<\/div>\n<div>Aqua (Water\/Eau), C13-15 Alkane, Hydrogenated Polydecene, Butyrospermum Parkii (Shea Butter), Cetearyl Ethylhexanoate, Isononyl Isonanoate, Beheneth-25, Butylene Glycol, Glycerin, 1-2 Hexanediol, Shorea Stenoptera Seed Butter, Brassica Campestris (Rapeseed) Sterols, Chlorphenesin, Xanthan Gum, Acrylates\/C10-30 Alkyl Acrylate Crosspolymer, Sodium Polyacrylate, O-Cy-Men-5-Ol, Tocopheryl Acetate, Raspberry Seed Oil\/Palm Oil, Aminopropanediol Esterds, Sodium Hydroxide, Asiaticoside, Phytosphingosine, Borage Seed Oil Aminopropanediol Amides, Citric Acid.<\/div>","protected":false},"featured_media":23665,"template":"","meta":{"arc_restricted_post":false},"product_cat":[48,333],"product_tag":[],"_links":{"self":[{"href":"https:\/\/www.sopha-sahara.com\/en\/wp-json\/wp\/v2\/product\/23540"}],"collection":[{"href":"https:\/\/www.sopha-sahara.com\/en\/wp-json\/wp\/v2\/product"}],"about":[{"href":"https:\/\/www.sopha-sahara.com\/en\/wp-json\/wp\/v2\/types\/product"}],"wp:featuredmedia":[{"embeddable":true,"href":"https:\/\/www.sopha-sahara.com\/en\/wp-json\/wp\/v2\/media\/23665"}],"wp:attachment":[{"href":"https:\/\/www.sopha-sahara.com\/en\/wp-json\/wp\/v2\/media?parent=23540"}],"wp:term":[{"taxonomy":"product_cat","embeddable":true,"href":"https:\/\/www.sopha-sahara.com\/en\/wp-json\/wp\/v2\/product_cat?post=23540"},{"taxonomy":"product_tag","embeddable":true,"href":"https:\/\/www.sopha-sahara.com\/en\/wp-json\/wp\/v2\/product_tag?post=23540"}],"curies":[{"name":"wp","href":"https:\/\/api.w.org\/{rel}","templated":true}]}}