{"id":23539,"date":"2020-12-15T10:56:44","date_gmt":"2020-12-15T09:56:44","guid":{"rendered":"https:\/\/www.interbusinesschamber.com\/produit\/uriage-keratosane-30-gel-creme-40ml-epaississements-cutanes-localises\/"},"modified":"2020-12-30T11:02:15","modified_gmt":"2020-12-30T10:02:15","slug":"uriage-keratosane-30-gel-creme-40ml-epaississements-cutanes-localises","status":"publish","type":"product","link":"https:\/\/www.sopha-sahara.com\/en\/product\/uriage-keratosane-30-gel-creme-40ml-epaississements-cutanes-localises\/","title":{"rendered":"URIAGE KERATOSANE 30 GEL-CREME 40ML EPAISSISSEMENTS CUTAN\u00c9S LOCALIS\u00c9S"},"content":{"rendered":"<p><strong>Utilisations :\u00a0<\/strong>Soin cutan\u00e9 des callosit\u00e9s et des \u00e9paississements cutan\u00e9s localis\u00e9s.<\/p>\n<p><strong>Composants :<\/strong>\u00a0Gel cr\u00e8me : Ur\u00e9e 30 % Sulfate de dextran 0.4 % Eau thermale d\u2019Uriage 10 % Glycocolle Glyc\u00e9rine Cholest\u00e9rol Excipients : paraffine liquide, sorbitan st\u00e9arate, algine, polysorbate-60 Conservateurs : ph\u00e9noxy\u00e9thanol, glyc\u00e9rine, acrylate\/C10-30 alkyl acrylate crosspolymer, sodium dextran sulfate, sodium hydroxyde<\/p>\n<p><strong>Conseils :\u00a0<\/strong>A appliquer matin et soir, sur les zones \u00e9paisses localis\u00e9es au niveau des talons, des coudes, des genoux et du cuir chevelu. Pour l\u2019application sur le cuir chevelu, rincer \u00e0 l\u2019eau. Une l\u00e9g\u00e8re sensation de picotements transitoires li\u00e9es \u00e0 l\u2019efficacit\u00e9 du produit peut \u00eatre ressentie. Eviter tout contact avec les yeux.<\/p>","protected":false},"excerpt":{"rendered":"<p>Gel cr\u00e8me anti hyperk\u00e9ratoses, pour le soin quotidien de la peau ayant tendance \u00e0 s\u2019\u00e9paissir, enrichi en agents hydratants et adoucissants. Elimine les squames et les callosit\u00e9s, tout en r\u00e9duisant l\u2019\u00e9paississement cutan\u00e9. Gel cr\u00e8me riche, non gras, p\u00e9n\u00e8tre rapidement. Hypoallerg\u00e9nique, sans parabens, sans parfum.\u00a0<\/p>","protected":false},"featured_media":23646,"template":"","meta":{"arc_restricted_post":false},"product_cat":[48,333],"product_tag":[],"_links":{"self":[{"href":"https:\/\/www.sopha-sahara.com\/en\/wp-json\/wp\/v2\/product\/23539"}],"collection":[{"href":"https:\/\/www.sopha-sahara.com\/en\/wp-json\/wp\/v2\/product"}],"about":[{"href":"https:\/\/www.sopha-sahara.com\/en\/wp-json\/wp\/v2\/types\/product"}],"wp:featuredmedia":[{"embeddable":true,"href":"https:\/\/www.sopha-sahara.com\/en\/wp-json\/wp\/v2\/media\/23646"}],"wp:attachment":[{"href":"https:\/\/www.sopha-sahara.com\/en\/wp-json\/wp\/v2\/media?parent=23539"}],"wp:term":[{"taxonomy":"product_cat","embeddable":true,"href":"https:\/\/www.sopha-sahara.com\/en\/wp-json\/wp\/v2\/product_cat?post=23539"},{"taxonomy":"product_tag","embeddable":true,"href":"https:\/\/www.sopha-sahara.com\/en\/wp-json\/wp\/v2\/product_tag?post=23539"}],"curies":[{"name":"wp","href":"https:\/\/api.w.org\/{rel}","templated":true}]}}