{"id":23538,"date":"2020-12-15T10:56:43","date_gmt":"2020-12-15T09:56:43","guid":{"rendered":"https:\/\/www.interbusinesschamber.com\/produit\/uriage-hyseac-masque-gommant-100ml-absorbe-les-impuretes-lisse-le-grain-de-la-peau\/"},"modified":"2020-12-30T10:58:53","modified_gmt":"2020-12-30T09:58:53","slug":"uriage-hyseac-masque-gommant-100ml-absorbe-les-impuretes-lisse-le-grain-de-la-peau","status":"publish","type":"product","link":"https:\/\/www.sopha-sahara.com\/en\/product\/uriage-hyseac-masque-gommant-100ml-absorbe-les-impuretes-lisse-le-grain-de-la-peau\/","title":{"rendered":"URIAGE HYS\u00c9AC MASQUE GOMMANT 100ML ABSORBE LES IMPURET\u00c9S &#8211; LISSE LE GRAIN DE LA PEAU"},"content":{"rendered":"<p><strong>R\u00e9sultat :<\/strong><br \/>Peau purifi\u00e9e en profondeur\u00a0<br \/>Grain de peau affin\u00e9, pores resserr\u00e9s<br \/>Peau douce, hydrat\u00e9e et nette ; Teint plus lumineux<\/p>\n<p><strong>Indications :<\/strong><br \/>Peaux mixtes \u00e0 grasses<\/p>\n<p><strong>Formule :<\/strong><br \/>Kaolin<br \/>Acide malique+ ester d'acide malique<br \/>Glyc\u00e9rine<br \/>Eau thermale d'Uriage<\/p>\n<p><strong>Conseils d'utilisation :<\/strong><br \/>En masque : Sur le visage, appliquer en fine couche. Laisser agir 2 minutes puis rincer abondamment sans masser.\u00a0<br \/>Peut s\u2019utiliser tous les jours.\u00a0<br \/>En gommage : Sur le visage humidifi\u00e9, masser en mouvements circulaires puis rincer.\u00a0<br \/>Utiliser 2 fois par semaine.<\/p>","protected":false},"excerpt":{"rendered":"<p>Absorbe les impuret\u00e9s\u00a0<br \/>Lisse le grain de peau\u00a0<br \/>Matifie et donne de l&rsquo;\u00e9clat\u00a0<br \/>Emulsion douce, non agressive, non grasse, hypoallerg\u00e9nique et non com\u00e9dog\u00e8ne.<\/p>","protected":false},"featured_media":23642,"template":"","meta":{"arc_restricted_post":false},"product_cat":[48,333],"product_tag":[],"_links":{"self":[{"href":"https:\/\/www.sopha-sahara.com\/en\/wp-json\/wp\/v2\/product\/23538"}],"collection":[{"href":"https:\/\/www.sopha-sahara.com\/en\/wp-json\/wp\/v2\/product"}],"about":[{"href":"https:\/\/www.sopha-sahara.com\/en\/wp-json\/wp\/v2\/types\/product"}],"wp:featuredmedia":[{"embeddable":true,"href":"https:\/\/www.sopha-sahara.com\/en\/wp-json\/wp\/v2\/media\/23642"}],"wp:attachment":[{"href":"https:\/\/www.sopha-sahara.com\/en\/wp-json\/wp\/v2\/media?parent=23538"}],"wp:term":[{"taxonomy":"product_cat","embeddable":true,"href":"https:\/\/www.sopha-sahara.com\/en\/wp-json\/wp\/v2\/product_cat?post=23538"},{"taxonomy":"product_tag","embeddable":true,"href":"https:\/\/www.sopha-sahara.com\/en\/wp-json\/wp\/v2\/product_tag?post=23538"}],"curies":[{"name":"wp","href":"https:\/\/api.w.org\/{rel}","templated":true}]}}