{"id":23537,"date":"2020-12-15T10:56:42","date_gmt":"2020-12-15T09:56:42","guid":{"rendered":"https:\/\/www.interbusinesschamber.com\/produit\/uriage-pain-surgras-100g\/"},"modified":"2020-12-30T11:04:12","modified_gmt":"2020-12-30T10:04:12","slug":"uriage-pain-surgras-100g","status":"publish","type":"product","link":"https:\/\/www.sopha-sahara.com\/en\/product\/uriage-pain-surgras-100g\/","title":{"rendered":"URIAGE PAIN SURGRAS 100G"},"content":{"rendered":"<p><strong>Indications :<\/strong><br \/>PH physiologique, sans savon.<\/p>\n<div>\u00a0<\/div>\n<p><strong>Conseils d'utilisation :<\/strong><br \/>Pour l'hygi\u00e8ne quotidienne quotidienne pour peaux s\u00e8ches, peaux sensibles et peaux \u00e0 tendance irrit\u00e9es.\u00a0<br \/>A utiliser sur le corps et le visage.<\/p>","protected":false},"excerpt":{"rendered":"<p>Pain dermatologique surgras cr\u00e9meux, tr\u00e8s moussant et tr\u00e8s onctueux.<br \/>Nettoie sans agresser, surgraissant, restructurant.<\/p>","protected":false},"featured_media":23649,"template":"","meta":{"arc_restricted_post":false},"product_cat":[48,333],"product_tag":[],"_links":{"self":[{"href":"https:\/\/www.sopha-sahara.com\/en\/wp-json\/wp\/v2\/product\/23537"}],"collection":[{"href":"https:\/\/www.sopha-sahara.com\/en\/wp-json\/wp\/v2\/product"}],"about":[{"href":"https:\/\/www.sopha-sahara.com\/en\/wp-json\/wp\/v2\/types\/product"}],"wp:featuredmedia":[{"embeddable":true,"href":"https:\/\/www.sopha-sahara.com\/en\/wp-json\/wp\/v2\/media\/23649"}],"wp:attachment":[{"href":"https:\/\/www.sopha-sahara.com\/en\/wp-json\/wp\/v2\/media?parent=23537"}],"wp:term":[{"taxonomy":"product_cat","embeddable":true,"href":"https:\/\/www.sopha-sahara.com\/en\/wp-json\/wp\/v2\/product_cat?post=23537"},{"taxonomy":"product_tag","embeddable":true,"href":"https:\/\/www.sopha-sahara.com\/en\/wp-json\/wp\/v2\/product_tag?post=23537"}],"curies":[{"name":"wp","href":"https:\/\/api.w.org\/{rel}","templated":true}]}}