{"id":23535,"date":"2020-12-15T10:56:40","date_gmt":"2020-12-15T09:56:40","guid":{"rendered":"https:\/\/www.interbusinesschamber.com\/produit\/uriage-bariederm-cica-levres-baume-reparateur-levres-abimees-15ml\/"},"modified":"2020-12-31T10:02:17","modified_gmt":"2020-12-31T09:02:17","slug":"uriage-bariederm-cica-levres-baume-reparateur-levres-abimees-15ml","status":"publish","type":"product","link":"https:\/\/www.sopha-sahara.com\/en\/product\/uriage-bariederm-cica-levres-baume-reparateur-levres-abimees-15ml\/","title":{"rendered":"URIAGE BARIEDERM CICA-LEVRES BAUME REPARATEUR LEVRES ABIMEES 15ML"},"content":{"rendered":"<div class=\"product-tabs\">\n<div class=\"title-border\">\n<h5 class=\"h2\">Conseils d'utilisation<\/h5>\n<\/div>\n<div class=\"std\">\n<div class=\"grid-wrapper\">\n<div class=\"grid landscape-two widescreen-one\">\n<div class=\"container border\">\n<div class=\"product-advice\">\n<p>Appliquez sur les l\u00e8vres \u00e0 l\u2019aide de son embout biseaut\u00e9 aussi souvent que n\u00e9cessaire.<\/p>\n<\/div>\n<\/div>\n<\/div>\n<\/div>\n<\/div>\n<\/div>\n<div class=\"product-tabs\">\n<div class=\"title-border\">\n<h5 class=\"h2\">Composition<\/h5>\n<\/div>\n<div class=\"std\">\n<p>Formule INCI :\u00a0Paraffinum liquidum (mineral oil), cera microcristallina (microcrystalline wax), hydrogenated polydecene, dimethicone, tricontanyl PVP, dipentaerythrityl tetrahydroxystearate\/tetraisostearate, glycerin, squalane, Brassica campestris (rapeseed) sterols, tocopheryl acetate, synthetic wax, ethylene\/propylene copolymer, polyethylene, polyquaternium-61, BHT.\u00a0<\/p>\n<\/div>\n<\/div>","protected":false},"excerpt":{"rendered":"<p>Le 1er baume l\u00e8vres barri\u00e8re au POLY-2P\u2122, complexe brevet\u00e9 innovant, qui offre une triple action. Une formule haute tol\u00e9rance et longue dur\u00e9e adapt\u00e9e aux besoins professionnels ou familiaux.<\/p>\n<p>Isole en surface :\u00a0L\u2019association de deux polym\u00e8res isole la peau en pr\u00e9vention des agressions futures.<br \/>Restaure en profondeur :\u00a0L\u2019association de deux polym\u00e8res r\u00e9pare les l\u00e8vres gerc\u00e9es ou ab\u00eem\u00e9es.<br \/>Apaise :\u00a0Les actifs de Phytost\u00e9rols soulagent imm\u00e9diatement les l\u00e8vres tiraill\u00e9es et apportent plus de confort.<\/p>","protected":false},"featured_media":23559,"template":"","meta":{"arc_restricted_post":false},"product_cat":[48,333],"product_tag":[],"_links":{"self":[{"href":"https:\/\/www.sopha-sahara.com\/en\/wp-json\/wp\/v2\/product\/23535"}],"collection":[{"href":"https:\/\/www.sopha-sahara.com\/en\/wp-json\/wp\/v2\/product"}],"about":[{"href":"https:\/\/www.sopha-sahara.com\/en\/wp-json\/wp\/v2\/types\/product"}],"wp:featuredmedia":[{"embeddable":true,"href":"https:\/\/www.sopha-sahara.com\/en\/wp-json\/wp\/v2\/media\/23559"}],"wp:attachment":[{"href":"https:\/\/www.sopha-sahara.com\/en\/wp-json\/wp\/v2\/media?parent=23535"}],"wp:term":[{"taxonomy":"product_cat","embeddable":true,"href":"https:\/\/www.sopha-sahara.com\/en\/wp-json\/wp\/v2\/product_cat?post=23535"},{"taxonomy":"product_tag","embeddable":true,"href":"https:\/\/www.sopha-sahara.com\/en\/wp-json\/wp\/v2\/product_tag?post=23535"}],"curies":[{"name":"wp","href":"https:\/\/api.w.org\/{rel}","templated":true}]}}